{"id":559,"date":"2026-01-27T10:09:42","date_gmt":"2026-01-27T09:09:42","guid":{"rendered":"https:\/\/helsesikkerhetsdagen.no\/2026\/?page_id=559"},"modified":"2026-01-27T12:20:40","modified_gmt":"2026-01-27T11:20:40","slug":"bli-partner","status":"publish","type":"page","link":"https:\/\/helsesikkerhetsdagen.no\/2026\/bli-partner\/","title":{"rendered":"Bli partner"},"content":{"rendered":"\n<h1>\n\t\tVil du bli partner p\u00e5 Helsesikkerhetsdagen 2026?\n\t<\/h1>\n<h4>\n\t\t9. april 2026 p\u00e5 Oslo Event Hub\n\t<\/h4>\n\t<p>Bli med p\u00e5 \u00e5rets happening innen helsesikkerhet! Sikkerhet i helse er ikke bare en n\u00f8dvendighet, men en grunnleggende verdi i de nordiske landene. Vi er stolte av \u00e5 presentere Helsesikkerhetsdagen, en eksklusiv begivenhet som bringer sammen de mest fremtredende helseeksperter og teknologiledere fra hele Norden. Dette er den perfekte plattformen for \u00e5 diskutere de strategiske beslutningene som trengs for \u00e5 bevare sikkerheten og tilliten i helsesektoren, samtidig som vi tar i bruk de siste teknologiene og datainnsiktene.<\/p>\n<p>Som en partner p\u00e5 konferansen vil du f\u00e5 en eksklusiv mulighet til \u00e5 bygge relasjoner med ledende helseakt\u00f8rer og teknologiekspertise. Som partner vil du ogs\u00e5 f\u00e5 en plass til \u00e5 vise frem ditt eget produkt eller tjeneste.<\/p>\n<h2>\n\t\tPartnerpakke for Helsesikkerhetsdagen\n\t<\/h2>\n\t<p><strong>Standardpakke:\u00a0<\/strong><\/p>\n<ul>\n<li>Tilgang til stand<\/li>\n<li>Ett bord, to stoler, str\u00f8m og str\u00f8muttak p\u00e5 stand<\/li>\n<li>2 konferansebilletter for ansatte.<\/li>\n<li>Dagpakke for 2 personer<\/li>\n<li>Profilering p\u00e5 EHiNs nettsider<\/li>\n<li>Deltakerliste fra de som har samtykket til deling<\/li>\n<li>Profilering i EHiNs nyhetsbrev ved publisering av partnere i forkant av eventet<\/li>\n<li>Bidra med innhold i program under EHiNs redaksjon<\/li>\n<\/ul>\n<h2>\n\t\tFordeler for hel\u00e5rspartnere:\n\t<\/h2>\n\t<ul>\n<li>Prioritert valg for utstillerplass. Vis dere frem, nettverk og start gode samtaler<\/li>\n<li>Prioriterte bidrag til programmet under EHiNs regi<\/li>\n<li>Logo og synlighet p\u00e5 nettside, nyhetsbrev og markedsf\u00f8ring til Helsesikkerhetsdagen 2026<\/li>\n<li>Halv pris p\u00e5 Helsesikkerhetsdagen-pakken<\/li>\n<\/ul>\n\t\t\t<a href=\"mailto:helsesikkerhetsdagen@ehin.no\" target=\"_self\" role=\"button\">\n\t\t\t\t\t\t\tIntressert? Kontakt oss p\u00e5 helsesikkerhetsdagen@ehin.no\n\t\t\t\t\t<\/a>\n\n","protected":false},"excerpt":{"rendered":"<p>Vil du bli partner p\u00e5 Helsesikkerhetsdagen 2026? 9. april 2026 p\u00e5 Oslo Event Hub Bli med p\u00e5 \u00e5rets happening innen helsesikkerhet! Sikkerhet i helse er ikke bare en n\u00f8dvendighet, men en grunnleggende verdi i de nordiske landene. Vi er stolte av \u00e5 presentere Helsesikkerhetsdagen, en eksklusiv begivenhet som bringer sammen de mest fremtredende helseeksperter og&hellip;<\/p>\n","protected":false},"author":2,"featured_media":0,"parent":0,"menu_order":0,"comment_status":"closed","ping_status":"closed","template":"","meta":{"_acf_changed":false,"footnotes":""},"class_list":["post-559","page","type-page","status-publish","hentry"],"acf":[],"_links":{"self":[{"href":"https:\/\/helsesikkerhetsdagen.no\/2026\/wp-json\/wp\/v2\/pages\/559","targetHints":{"allow":["GET"]}}],"collection":[{"href":"https:\/\/helsesikkerhetsdagen.no\/2026\/wp-json\/wp\/v2\/pages"}],"about":[{"href":"https:\/\/helsesikkerhetsdagen.no\/2026\/wp-json\/wp\/v2\/types\/page"}],"author":[{"embeddable":true,"href":"https:\/\/helsesikkerhetsdagen.no\/2026\/wp-json\/wp\/v2\/users\/2"}],"replies":[{"embeddable":true,"href":"https:\/\/helsesikkerhetsdagen.no\/2026\/wp-json\/wp\/v2\/comments?post=559"}],"version-history":[{"count":2,"href":"https:\/\/helsesikkerhetsdagen.no\/2026\/wp-json\/wp\/v2\/pages\/559\/revisions"}],"predecessor-version":[{"id":573,"href":"https:\/\/helsesikkerhetsdagen.no\/2026\/wp-json\/wp\/v2\/pages\/559\/revisions\/573"}],"wp:attachment":[{"href":"https:\/\/helsesikkerhetsdagen.no\/2026\/wp-json\/wp\/v2\/media?parent=559"}],"curies":[{"name":"wp","href":"https:\/\/api.w.org\/{rel}","templated":true}]}}