{"id":551,"date":"2026-01-26T16:01:25","date_gmt":"2026-01-26T15:01:25","guid":{"rendered":"https:\/\/helsesikkerhetsdagen.no\/2026\/?page_id=551"},"modified":"2026-03-03T10:06:45","modified_gmt":"2026-03-03T09:06:45","slug":"speakere","status":"publish","type":"page","link":"https:\/\/helsesikkerhetsdagen.no\/2026\/speakere\/","title":{"rendered":"Speakere"},"content":{"rendered":"\n<h1>\n\t\t\u00c5rets speakere\n\t<\/h1>\n\t<p>M\u00f8t \u00e5rets speakere p\u00e5 Helsesikkerhetsdagen! Obs: Denne dagen er lagt sammen med Helsedatadagen, og noen av speakerne f\u00f8res i begge programmene fordi de er p\u00e5 felles sesjoner.<\/p>\n\t\t<a href=\"https:\/\/helsesikkerhetsdagen.no\/2026\/speaker\/aline-harmand\/\" title=\"View Box Content\" target=\"_self\"  aria-label=\"Post Element\"><\/a>\t\t\n\t\t\t\t\t\t\t\t\t\t\t\t\t\t<a href=\"https:\/\/helsesikkerhetsdagen.no\/2026\/speaker\/aline-harmand\/\" target=\"_self\" title=\"Aline Harmand\">\n\t\t\t\t<img decoding=\"async\" src=\"https:\/\/helsesikkerhetsdagen.no\/2026\/wp-content\/uploads\/sites\/5\/2026\/02\/AlineHarmand.jpg\" alt=\"\" \/>\n\t\t\t\t<\/a>\n\t\t\t\t\t\t<h3>\n\t\t\t\t<a href=\"https:\/\/helsesikkerhetsdagen.no\/2026\/speaker\/aline-harmand\/\" title=\"Aline Harmand\">Aline Harmand<\/a>\t\t\t<\/h3>\n\t\t\t\t\t\t\t\tAline Harmand is a Cybersecurity Strategist at Trend Micro with more than two decades of experience helping organisations &#8230;\n\t\t<a href=\"https:\/\/helsesikkerhetsdagen.no\/2026\/speaker\/anne-karin-rime\/\" title=\"View Box Content\" target=\"_self\"  aria-label=\"Post Element\"><\/a>\t\t\n\t\t\t\t\t\t\t\t\t\t\t\t\t\t<a href=\"https:\/\/helsesikkerhetsdagen.no\/2026\/speaker\/anne-karin-rime\/\" target=\"_self\" title=\"Anne-Karin Rime\">\n\t\t\t\t<img decoding=\"async\" src=\"https:\/\/helsesikkerhetsdagen.no\/2026\/wp-content\/uploads\/sites\/5\/2026\/01\/Anne-Karin-Rime-1.jpg\" alt=\"\" \/>\n\t\t\t\t<\/a>\n\t\t\t\t\t\t<h3>\n\t\t\t\t<a href=\"https:\/\/helsesikkerhetsdagen.no\/2026\/speaker\/anne-karin-rime\/\" title=\"Anne-Karin Rime\">Anne-Karin Rime<\/a>\t\t\t<\/h3>\n\t\t\t\t\t\t\t\tAnne-Karin Rime er president i Den norske legeforening. Hun har innehatt stillingen som president i Den norske legeforening &#8230;\n\t\t<a href=\"https:\/\/helsesikkerhetsdagen.no\/2026\/speaker\/arne-bergersen\/\" title=\"View Box Content\" target=\"_self\"  aria-label=\"Post Element\"><\/a>\t\t\n\t\t\t\t\t\t\t\t\t\t\t\t\t\t<a href=\"https:\/\/helsesikkerhetsdagen.no\/2026\/speaker\/arne-bergersen\/\" target=\"_self\" title=\"Arne Bergersen\">\n\t\t\t\t<img decoding=\"async\" src=\"https:\/\/helsesikkerhetsdagen.no\/2026\/wp-content\/uploads\/sites\/5\/2026\/02\/Arne-Bergersen-e1772204660553.jpg\" alt=\"\" \/>\n\t\t\t\t<\/a>\n\t\t\t\t\t\t<h3>\n\t\t\t\t<a href=\"https:\/\/helsesikkerhetsdagen.no\/2026\/speaker\/arne-bergersen\/\" title=\"Arne Bergersen\">Arne Bergersen<\/a>\t\t\t<\/h3>\n\t\t\t\t\t\t\t\tArne Bergersen innehar rollen som Manager Arhcitects i Crayon. Han har 30 \u00e5rs erfaring som konsulent og leder &#8230;\n\t\t<a href=\"https:\/\/helsesikkerhetsdagen.no\/2026\/speaker\/cathrine-vange-singstad\/\" title=\"View Box Content\" target=\"_self\"  aria-label=\"Post Element\"><\/a>\t\t\n\t\t\t\t\t\t\t\t\t\t\t\t\t\t<a href=\"https:\/\/helsesikkerhetsdagen.no\/2026\/speaker\/cathrine-vange-singstad\/\" target=\"_self\" title=\"Cathrine V\u00e5nge Singstad\">\n\t\t\t\t<img decoding=\"async\" src=\"https:\/\/helsesikkerhetsdagen.no\/2026\/wp-content\/uploads\/sites\/5\/2026\/01\/Cathrine-Otte-500x500-1.jpg\" alt=\"\" \/>\n\t\t\t\t<\/a>\n\t\t\t\t\t\t<h3>\n\t\t\t\t<a href=\"https:\/\/helsesikkerhetsdagen.no\/2026\/speaker\/cathrine-vange-singstad\/\" title=\"Cathrine V\u00e5nge Singstad\">Cathrine V\u00e5nge Singstad<\/a>\t\t\t<\/h3>\n\t\t\t\t\t\t\t\tCathrine V\u00e5nge Singstad er partner og med-gr\u00fcnder i Otte, med ansvar for digital sikkerhet og personvern. Hun har &#8230;\n\t\t<a href=\"https:\/\/helsesikkerhetsdagen.no\/2026\/speaker\/fabian-hauge-sandvik\/\" title=\"View Box Content\" target=\"_self\"  aria-label=\"Post Element\"><\/a>\t\t\n\t\t\t\t\t\t\t\t\t\t\t\t\t\t<a href=\"https:\/\/helsesikkerhetsdagen.no\/2026\/speaker\/fabian-hauge-sandvik\/\" target=\"_self\" title=\"Fabian Hauge Sandvik\">\n\t\t\t\t<img decoding=\"async\" src=\"https:\/\/helsesikkerhetsdagen.no\/2026\/wp-content\/uploads\/sites\/5\/2026\/02\/Fabian.png\" alt=\"\" \/>\n\t\t\t\t<\/a>\n\t\t\t\t\t\t<h3>\n\t\t\t\t<a href=\"https:\/\/helsesikkerhetsdagen.no\/2026\/speaker\/fabian-hauge-sandvik\/\" title=\"Fabian Hauge Sandvik\">Fabian Hauge Sandvik<\/a>\t\t\t<\/h3>\n\t\t\t\t\t\t\t\tFabian Hauge Sandvik er sikkerhetsanalytiker i NHN Security Operation Center (SOC). Til daglig jobber han med \u00e5 avdekke &#8230;\n\t\t<a href=\"https:\/\/helsesikkerhetsdagen.no\/2026\/speaker\/frode-johansen\/\" title=\"View Box Content\" target=\"_self\"  aria-label=\"Post Element\"><\/a>\t\t\n\t\t\t\t\t\t\t\t\t\t\t\t\t\t<a href=\"https:\/\/helsesikkerhetsdagen.no\/2026\/speaker\/frode-johansen\/\" target=\"_self\" title=\"Frode Johansen\">\n\t\t\t\t<img decoding=\"async\" src=\"https:\/\/helsesikkerhetsdagen.no\/2026\/wp-content\/uploads\/sites\/5\/2026\/02\/Frode-Johansen-1.jpg\" alt=\"\" \/>\n\t\t\t\t<\/a>\n\t\t\t\t\t\t<h3>\n\t\t\t\t<a href=\"https:\/\/helsesikkerhetsdagen.no\/2026\/speaker\/frode-johansen\/\" title=\"Frode Johansen\">Frode Johansen<\/a>\t\t\t<\/h3>\n\t\t\t\t\t\t\t\tFrode Johansen\u00a0er divisjonsdirekt\u00f8r for Tjenester for spesialisthelsetjenesten for Norsk helsenett. Han har tidligere erfaring fra forsvaret, telekombransjen og &#8230;\n\t\t<a href=\"https:\/\/helsesikkerhetsdagen.no\/2026\/speaker\/hasan-qaq\/\" title=\"View Box Content\" target=\"_self\"  aria-label=\"Post Element\"><\/a>\t\t\n\t\t\t\t\t\t\t\t\t\t\t\t\t\t<a href=\"https:\/\/helsesikkerhetsdagen.no\/2026\/speaker\/hasan-qaq\/\" target=\"_self\" title=\"Hasan Qaq\">\n\t\t\t\t<img decoding=\"async\" src=\"https:\/\/helsesikkerhetsdagen.no\/2026\/wp-content\/uploads\/sites\/5\/2026\/02\/Hasan-HSD-speaker.png\" alt=\"\" \/>\n\t\t\t\t<\/a>\n\t\t\t\t\t\t<h3>\n\t\t\t\t<a href=\"https:\/\/helsesikkerhetsdagen.no\/2026\/speaker\/hasan-qaq\/\" title=\"Hasan Qaq\">Hasan Qaq<\/a>\t\t\t<\/h3>\n\t\t\t\t\t\t\t\tHasan Qaq, Pentester og Red Teamer. En n\u00f8kkelressurs i Cyber Action Team (CAT) i Norsk helsenett med ansvar &#8230;\n\t\t<a href=\"https:\/\/helsesikkerhetsdagen.no\/2026\/speaker\/jan-christian-vestre\/\" title=\"View Box Content\" target=\"_self\"  aria-label=\"Post Element\"><\/a>\t\t\n\t\t\t\t\t\t\t\t\t\t\t\t\t\t<a href=\"https:\/\/helsesikkerhetsdagen.no\/2026\/speaker\/jan-christian-vestre\/\" target=\"_self\" title=\"Jan Christian Vestre\">\n\t\t\t\t<img decoding=\"async\" src=\"https:\/\/helsesikkerhetsdagen.no\/2026\/wp-content\/uploads\/sites\/5\/2026\/02\/Jan-Christian-Vestre.jpg\" alt=\"\" \/>\n\t\t\t\t<\/a>\n\t\t\t\t\t\t<h3>\n\t\t\t\t<a href=\"https:\/\/helsesikkerhetsdagen.no\/2026\/speaker\/jan-christian-vestre\/\" title=\"Jan Christian Vestre\">Jan Christian Vestre<\/a>\t\t\t<\/h3>\n\t\t\t\t\t\t\t\tHelse- og omsorgsminister Jan Christian Vestre inntok rollen sin v\u00e5ren 2024. F\u00f8r det var han n\u00e6ringsminister fra 2021 &#8230;\n\t\t<a href=\"https:\/\/helsesikkerhetsdagen.no\/2026\/speaker\/mariann-hornnes\/\" title=\"View Box Content\" target=\"_self\"  aria-label=\"Post Element\"><\/a>\t\t\n\t\t\t\t\t\t\t\t\t\t\t\t\t\t<a href=\"https:\/\/helsesikkerhetsdagen.no\/2026\/speaker\/mariann-hornnes\/\" target=\"_self\" title=\"Mariann Hornnes\">\n\t\t\t\t<img decoding=\"async\" src=\"https:\/\/helsesikkerhetsdagen.no\/2026\/wp-content\/uploads\/sites\/5\/2026\/02\/Mariann-Hornnes.jpg\" alt=\"\" \/>\n\t\t\t\t<\/a>\n\t\t\t\t\t\t<h3>\n\t\t\t\t<a href=\"https:\/\/helsesikkerhetsdagen.no\/2026\/speaker\/mariann-hornnes\/\" title=\"Mariann Hornnes\">Mariann Hornnes<\/a>\t\t\t<\/h3>\n\t\t\t\t\t\t\t\tMariann Hornnes er assisterende helsedirekt\u00f8r i Helsedirektoratet. Hun har en solid og relevant faglig bakgrunn og omfattende ledererfaring &#8230;\n\t\t<a href=\"https:\/\/helsesikkerhetsdagen.no\/2026\/speaker\/roar-olsen\/\" title=\"View Box Content\" target=\"_self\"  aria-label=\"Post Element\"><\/a>\t\t\n\t\t\t\t\t\t\t\t\t\t\t\t\t\t<a href=\"https:\/\/helsesikkerhetsdagen.no\/2026\/speaker\/roar-olsen\/\" target=\"_self\" title=\"Roar Olsen\">\n\t\t\t\t<img decoding=\"async\" src=\"https:\/\/helsesikkerhetsdagen.no\/2026\/wp-content\/uploads\/sites\/5\/2026\/02\/Roar-Olsen.jpg\" alt=\"\" \/>\n\t\t\t\t<\/a>\n\t\t\t\t\t\t<h3>\n\t\t\t\t<a href=\"https:\/\/helsesikkerhetsdagen.no\/2026\/speaker\/roar-olsen\/\" title=\"Roar Olsen\">Roar Olsen<\/a>\t\t\t<\/h3>\n\t\t\t\t\t\t\t\tRoar Olsen ble i 2024 ble utnevnt til direkt\u00f8r i Statens graderte plattformtjenester, som ble opprettet fra 2025. &#8230;\n\t\t<a href=\"https:\/\/helsesikkerhetsdagen.no\/2026\/speaker\/silvija-seres\/\" title=\"View Box Content\" target=\"_self\"  aria-label=\"Post Element\"><\/a>\t\t\n\t\t\t\t\t\t\t\t\t\t\t\t\t\t<a href=\"https:\/\/helsesikkerhetsdagen.no\/2026\/speaker\/silvija-seres\/\" target=\"_self\" title=\"Silvija Seres\">\n\t\t\t\t<img decoding=\"async\" src=\"https:\/\/helsesikkerhetsdagen.no\/2026\/wp-content\/uploads\/sites\/5\/2026\/02\/Silvija-Seres-scaled-e1756732543321.jpg\" alt=\"\" \/>\n\t\t\t\t<\/a>\n\t\t\t\t\t\t<h3>\n\t\t\t\t<a href=\"https:\/\/helsesikkerhetsdagen.no\/2026\/speaker\/silvija-seres\/\" title=\"Silvija Seres\">Silvija Seres<\/a>\t\t\t<\/h3>\n\t\t\t\t\t\t\t\tSilvija Seres er teknolog, matematiker og investor med doktorgrad fra Oxford og bakgrunn fra Microsoft og Silicon Valley. &#8230;\n\t\t<a href=\"https:\/\/helsesikkerhetsdagen.no\/2026\/speaker\/torgeir-waterhouse\/\" title=\"View Box Content\" target=\"_self\"  aria-label=\"Post Element\"><\/a>\t\t\n\t\t\t\t\t\t\t\t\t\t\t\t\t\t<a href=\"https:\/\/helsesikkerhetsdagen.no\/2026\/speaker\/torgeir-waterhouse\/\" target=\"_self\" title=\"Torgeir Waterhouse\">\n\t\t\t\t<img decoding=\"async\" src=\"https:\/\/helsesikkerhetsdagen.no\/2026\/wp-content\/uploads\/sites\/5\/2026\/01\/722c7cf1-c109-43a9-a9d8-7f4367782edf.jpg\" alt=\"\" \/>\n\t\t\t\t<\/a>\n\t\t\t\t\t\t<h3>\n\t\t\t\t<a href=\"https:\/\/helsesikkerhetsdagen.no\/2026\/speaker\/torgeir-waterhouse\/\" title=\"Torgeir Waterhouse\">Torgeir Waterhouse<\/a>\t\t\t<\/h3>\n\t\t\t\t\t\t\t\tTorgeir har jobbet med it og it-politikk i Forbrukerr\u00e5det og IKT-Norge i mer enn 20 \u00e5r. F\u00f8r oppstarten &#8230;\n\n","protected":false},"excerpt":{"rendered":"<p>\u00c5rets speakere M\u00f8t \u00e5rets speakere p\u00e5 Helsesikkerhetsdagen! Obs: Denne dagen er lagt sammen med Helsedatadagen, og noen av speakerne f\u00f8res i begge programmene fordi de er p\u00e5 felles sesjoner. Aline Harmand Aline Harmand is a Cybersecurity Strategist at Trend Micro with more than two decades of experience helping organisations &#8230; Anne-Karin Rime Anne-Karin Rime er&hellip;<\/p>\n","protected":false},"author":2,"featured_media":0,"parent":0,"menu_order":0,"comment_status":"closed","ping_status":"closed","template":"","meta":{"_acf_changed":false,"footnotes":""},"class_list":["post-551","page","type-page","status-publish","hentry"],"acf":[],"_links":{"self":[{"href":"https:\/\/helsesikkerhetsdagen.no\/2026\/wp-json\/wp\/v2\/pages\/551","targetHints":{"allow":["GET"]}}],"collection":[{"href":"https:\/\/helsesikkerhetsdagen.no\/2026\/wp-json\/wp\/v2\/pages"}],"about":[{"href":"https:\/\/helsesikkerhetsdagen.no\/2026\/wp-json\/wp\/v2\/types\/page"}],"author":[{"embeddable":true,"href":"https:\/\/helsesikkerhetsdagen.no\/2026\/wp-json\/wp\/v2\/users\/2"}],"replies":[{"embeddable":true,"href":"https:\/\/helsesikkerhetsdagen.no\/2026\/wp-json\/wp\/v2\/comments?post=551"}],"version-history":[{"count":3,"href":"https:\/\/helsesikkerhetsdagen.no\/2026\/wp-json\/wp\/v2\/pages\/551\/revisions"}],"predecessor-version":[{"id":645,"href":"https:\/\/helsesikkerhetsdagen.no\/2026\/wp-json\/wp\/v2\/pages\/551\/revisions\/645"}],"wp:attachment":[{"href":"https:\/\/helsesikkerhetsdagen.no\/2026\/wp-json\/wp\/v2\/media?parent=551"}],"curies":[{"name":"wp","href":"https:\/\/api.w.org\/{rel}","templated":true}]}}