{"id":548,"date":"2026-01-26T15:51:43","date_gmt":"2026-01-26T14:51:43","guid":{"rendered":"https:\/\/helsesikkerhetsdagen.no\/2026\/?page_id=548"},"modified":"2026-03-09T15:30:59","modified_gmt":"2026-03-09T14:30:59","slug":"billetter","status":"publish","type":"page","link":"https:\/\/helsesikkerhetsdagen.no\/2026\/billetter\/","title":{"rendered":"Billetter"},"content":{"rendered":"\n<h2>\n\t\t\tBilletter\t<\/h2>\n\t\t\t<a href=\"#problemer\"  target=\"_self\">\n\t\t\t\t\t\t\tProblemer?\n\t\t\t\t\t<\/a>\n\t\t\t<a href=\"#middag\"  target=\"_self\">\n\t\t\t\t\t\t\tMiddag\n\t\t\t\t\t<\/a>\n\t\t\t<a href=\"#refusjon\"  target=\"_self\">\n\t\t\t\t\t\t\tRefusjon\n\t\t\t\t\t<\/a>\n\t<p>I \u00e5r har vi sl\u00e5tt sammen <a href=\"https:\/\/helsesikkerhetsdagen.no\/2026\/\" target=\"_blank\" rel=\"noopener\">Helsesikkerhetsdagen<\/a>\u00a0&amp;\u00a0<a href=\"https:\/\/helsedatadagen.no\/2026\/\">Helsedatadagen<\/a> til \u00e9n felles arena, med to faglige spor. \u00e5 v\u00e6re p\u00e5 samme sted til samme tid. Begge arrangementene avholdes den 9. april 2026 p\u00e5 <a href=\"https:\/\/www.osloeventhub.com\/\">Oslo Event Hub<\/a>, Dronningens gate 4, Oslo.<\/p>\n<p>Her kan du bestille billetter til Helsedatadagen &amp; Helsesikkerhetsdagen 2026.<\/p>\n<h2  id=\"problemer\">\n\t\t\tProblemer?\t<\/h2>\n\t<p>Kan du ikke se skjemaet? Pr\u00f8v \u00e5 \u00e5pne det her:<\/p>\n<p>Funker det fortsatt ikke kan du pr\u00f8ve \u00e5: <a href=\"https:\/\/event.checkin.no\/218633\/helsedatadagen-helsesikkerhetsdagen-2026\" target=\"_blank\" rel=\"noopener\">https:\/\/event.checkin.no\/218633\/helsedatadagen-helsesikkerhetsdagen-2026<\/a><\/p>\n<ul>\n<li>Bruke en annen nettleser.<\/li>\n<li>Pr\u00f8ve via privat telefon eller data.<\/li>\n<li>Koble til et annet nettverk. Det kan hende ditt nettverk har stengt tilgang til billettjenester.<\/li>\n<li>Godta funksjonelle cookies ved \u00e5 trykke \u00e5 p\u00e5 knappen nederst i h\u00f8yre hj\u00f8rne &laquo;cookie settings&raquo;.<\/li>\n<\/ul>\n<p>F\u00e5r du fortsatt problemer eller lurer p\u00e5 noe annet, kontakt\u00a0<a href=\"mailto:helsesikkerhetsdagen@ehin.no\">helsesikkerhetsdagen@ehin.no<\/a>.<\/p>\n<h2  id=\"middag\">\n\t\t\tKonferansemiddag\t<\/h2>\n\t<p>Deltakelse p\u00e5 middagen krever egen billett, som kan kj\u00f8pes sammen med konferansebilletten. Middagen tar turen til <a href=\"https:\/\/delicatessen.no\/\" target=\"_blank\" rel=\"noopener\">Delicatessen Tapasbar<\/a> kl. 18:00 p\u00e5 Aker Brygge. F\u00f8r dette inviterer vi til en aperitiff p\u00e5 <a href=\"https:\/\/www.kullt.no\/\" target=\"_blank\" rel=\"noopener\">Kullt<\/a> like ved. Ved sp\u00f8rsm\u00e5l ta kontakt\u00a0med <a href=\"mailto:helsesikkerhetsdagen@ehin.no\">helsesikkerhetsdagen@ehin.no<\/a>.<\/p>\n<h2  id=\"refusjon\">\n\t\t\tRefusjon\t<\/h2>\n\t<p>Vi refunderer billetter inntil 30 dager etter kj\u00f8p, men ikke mer enn 30 dager f\u00f8r konferansen. Ta kontakt med\u00a0<a href=\"mailto:helsesikkerhetsdagen@ehin.no\">helsesikkerhetsdagen@ehin.no<\/a>\u00a0om du har sp\u00f8rsm\u00e5l om eller \u00f8nsker \u00e5 be om refusjon.<\/p>\n\n","protected":false},"excerpt":{"rendered":"<p>Billetter Problemer? Middag Refusjon I \u00e5r har vi sl\u00e5tt sammen Helsesikkerhetsdagen\u00a0&amp;\u00a0Helsedatadagen til \u00e9n felles arena, med to faglige spor. \u00e5 v\u00e6re p\u00e5 samme sted til samme tid. Begge arrangementene avholdes den 9. april 2026 p\u00e5 Oslo Event Hub, Dronningens gate 4, Oslo. Her kan du bestille billetter til Helsedatadagen &amp; Helsesikkerhetsdagen 2026. Problemer? Kan du&hellip;<\/p>\n","protected":false},"author":2,"featured_media":0,"parent":0,"menu_order":0,"comment_status":"closed","ping_status":"closed","template":"","meta":{"_acf_changed":false,"footnotes":""},"class_list":["post-548","page","type-page","status-publish","hentry"],"acf":[],"_links":{"self":[{"href":"https:\/\/helsesikkerhetsdagen.no\/2026\/wp-json\/wp\/v2\/pages\/548","targetHints":{"allow":["GET"]}}],"collection":[{"href":"https:\/\/helsesikkerhetsdagen.no\/2026\/wp-json\/wp\/v2\/pages"}],"about":[{"href":"https:\/\/helsesikkerhetsdagen.no\/2026\/wp-json\/wp\/v2\/types\/page"}],"author":[{"embeddable":true,"href":"https:\/\/helsesikkerhetsdagen.no\/2026\/wp-json\/wp\/v2\/users\/2"}],"replies":[{"embeddable":true,"href":"https:\/\/helsesikkerhetsdagen.no\/2026\/wp-json\/wp\/v2\/comments?post=548"}],"version-history":[{"count":7,"href":"https:\/\/helsesikkerhetsdagen.no\/2026\/wp-json\/wp\/v2\/pages\/548\/revisions"}],"predecessor-version":[{"id":759,"href":"https:\/\/helsesikkerhetsdagen.no\/2026\/wp-json\/wp\/v2\/pages\/548\/revisions\/759"}],"wp:attachment":[{"href":"https:\/\/helsesikkerhetsdagen.no\/2026\/wp-json\/wp\/v2\/media?parent=548"}],"curies":[{"name":"wp","href":"https:\/\/api.w.org\/{rel}","templated":true}]}}