{"id":508,"date":"2025-12-01T22:17:28","date_gmt":"2025-12-01T21:17:28","guid":{"rendered":"https:\/\/helsesikkerhetsdagen.no\/2026\/?page_id=508"},"modified":"2026-04-14T10:00:58","modified_gmt":"2026-04-14T08:00:58","slug":"home","status":"publish","type":"page","link":"https:\/\/helsesikkerhetsdagen.no\/2026\/","title":{"rendered":"Home"},"content":{"rendered":"\n\n\t<h3>\n\t\t\t\tN\u00e5r krisen rammer, t\u00e5ler helsetjenesten et digitalt angrep?\n\t\t\t<\/h3>\n\t\t\t<p>9. april 2026 &#8211; Oslo Event Hub<\/p>\t\n\t\t\t<a href=\"https:\/\/helsesikkerhetsdagen.no\/2026\/program\/\"  target=\"_self\">\n\t\t\t\t\t\tSe program og speakere\n\t\t\t\t\t<\/a>\n\t\t\t<a href=\"https:\/\/ehin.no\/\"  target=\"_self\">\n\t\t\t\t\t\tTakk for at du deltok &#8211; Vi tar samtalene videre p\u00e5 EHiN\n\t\t\t\t\t<\/a>\n\t\t\t<a href=\"https:\/\/helsedatadagen.no\/2026\/\"  target=\"_self\">\n\t\t\t\t\t\t\tHelsedatadagen g\u00e5r samtidig samme sted &#8211; Ta en kikk p\u00e5 programmet!\n\t\t\t<\/a>\n<h3  data-animation-delay=\"0\" data-animation-duration=\"1\">\n\t\t\tHelsesikkerhetsdagen presenterer et bredt spekter av l\u00f8sninger for fremtiden i samarbeid med offentlige og private akt\u00f8rer, plassert i EHiNs rammer for balansert innhold.\t<\/h3>\n<h1>\n\t\t\tM\u00f8t \u00e5rets speakere:\t<\/h1>\n\t\t\t<a href=\"https:\/\/helsesikkerhetsdagen.no\/2026\/speakere\/\"  target=\"_self\">\n\t\t\t\t\t\t\tSe alle speakere\n\t\t\t\t\t<\/a>\n\t\t<a href=\"https:\/\/helsesikkerhetsdagen.no\/2026\/speaker\/mariann-hornnes\/\" title=\"View Box Content\" target=\"_self\"  aria-label=\"Post Element\"><\/a>\t\t\n\t\t\t\t\t\t\t\t\t\t\t\t\t\t<a href=\"https:\/\/helsesikkerhetsdagen.no\/2026\/speaker\/mariann-hornnes\/\" target=\"_self\" title=\"Mariann Hornnes\">\n\t\t\t\t<img decoding=\"async\" src=\"https:\/\/helsesikkerhetsdagen.no\/2026\/wp-content\/uploads\/sites\/5\/2026\/02\/Mariann-Hornnes.jpg\" alt=\"\" \/>\n\t\t\t\t<\/a>\n\t\t\t\t\t\t<h3>\n\t\t\t\t<a href=\"https:\/\/helsesikkerhetsdagen.no\/2026\/speaker\/mariann-hornnes\/\" title=\"Mariann Hornnes\">Mariann Hornnes<\/a>\t\t\t<\/h3>\n\t\t<a href=\"https:\/\/helsesikkerhetsdagen.no\/2026\/speaker\/fabian-hauge-sandvik\/\" title=\"View Box Content\" target=\"_self\"  aria-label=\"Post Element\"><\/a>\t\t\n\t\t\t\t\t\t\t\t\t\t\t\t\t\t<a href=\"https:\/\/helsesikkerhetsdagen.no\/2026\/speaker\/fabian-hauge-sandvik\/\" target=\"_self\" title=\"Fabian Hauge Sandvik\">\n\t\t\t\t<img decoding=\"async\" src=\"https:\/\/helsesikkerhetsdagen.no\/2026\/wp-content\/uploads\/sites\/5\/2026\/02\/Fabian.png\" alt=\"\" \/>\n\t\t\t\t<\/a>\n\t\t\t\t\t\t<h3>\n\t\t\t\t<a href=\"https:\/\/helsesikkerhetsdagen.no\/2026\/speaker\/fabian-hauge-sandvik\/\" title=\"Fabian Hauge Sandvik\">Fabian Hauge Sandvik<\/a>\t\t\t<\/h3>\n\t\t<a href=\"https:\/\/helsesikkerhetsdagen.no\/2026\/speaker\/jan-christian-vestre\/\" title=\"View Box Content\" target=\"_self\"  aria-label=\"Post Element\"><\/a>\t\t\n\t\t\t\t\t\t\t\t\t\t\t\t\t\t<a href=\"https:\/\/helsesikkerhetsdagen.no\/2026\/speaker\/jan-christian-vestre\/\" target=\"_self\" title=\"Jan Christian Vestre\">\n\t\t\t\t<img decoding=\"async\" src=\"https:\/\/helsesikkerhetsdagen.no\/2026\/wp-content\/uploads\/sites\/5\/2026\/02\/Jan-Christian-Vestre.jpg\" alt=\"\" \/>\n\t\t\t\t<\/a>\n\t\t\t\t\t\t<h3>\n\t\t\t\t<a href=\"https:\/\/helsesikkerhetsdagen.no\/2026\/speaker\/jan-christian-vestre\/\" title=\"Jan Christian Vestre\">Jan Christian Vestre<\/a>\t\t\t<\/h3>\n\t\t<a href=\"https:\/\/helsesikkerhetsdagen.no\/2026\/speaker\/cathrine-vange-singstad\/\" title=\"View Box Content\" target=\"_self\"  aria-label=\"Post Element\"><\/a>\t\t\n\t\t\t\t\t\t\t\t\t\t\t\t\t\t<a href=\"https:\/\/helsesikkerhetsdagen.no\/2026\/speaker\/cathrine-vange-singstad\/\" target=\"_self\" title=\"Cathrine V\u00e5nge Singstad\">\n\t\t\t\t<img decoding=\"async\" src=\"https:\/\/helsesikkerhetsdagen.no\/2026\/wp-content\/uploads\/sites\/5\/2026\/01\/Cathrine-Otte-500x500-1.jpg\" alt=\"\" \/>\n\t\t\t\t<\/a>\n\t\t\t\t\t\t<h3>\n\t\t\t\t<a href=\"https:\/\/helsesikkerhetsdagen.no\/2026\/speaker\/cathrine-vange-singstad\/\" title=\"Cathrine V\u00e5nge Singstad\">Cathrine V\u00e5nge Singstad<\/a>\t\t\t<\/h3>\n\t\t<a href=\"https:\/\/helsesikkerhetsdagen.no\/2026\/speaker\/terje-wistner\/\" title=\"View Box Content\" target=\"_self\"  aria-label=\"Post Element\"><\/a>\t\t\n\t\t\t\t\t\t\t\t\t\t\t\t\t\t<a href=\"https:\/\/helsesikkerhetsdagen.no\/2026\/speaker\/terje-wistner\/\" target=\"_self\" title=\"Terje Wistner\">\n\t\t\t\t<img decoding=\"async\" src=\"https:\/\/helsesikkerhetsdagen.no\/2026\/wp-content\/uploads\/sites\/5\/2026\/03\/TerjeWistner.jpg\" alt=\"\" \/>\n\t\t\t\t<\/a>\n\t\t\t\t\t\t<h3>\n\t\t\t\t<a href=\"https:\/\/helsesikkerhetsdagen.no\/2026\/speaker\/terje-wistner\/\" title=\"Terje Wistner\">Terje Wistner<\/a>\t\t\t<\/h3>\n\t\t<a href=\"https:\/\/helsesikkerhetsdagen.no\/2026\/speaker\/roar-olsen\/\" title=\"View Box Content\" target=\"_self\"  aria-label=\"Post Element\"><\/a>\t\t\n\t\t\t\t\t\t\t\t\t\t\t\t\t\t<a href=\"https:\/\/helsesikkerhetsdagen.no\/2026\/speaker\/roar-olsen\/\" target=\"_self\" title=\"Roar Olsen\">\n\t\t\t\t<img decoding=\"async\" src=\"https:\/\/helsesikkerhetsdagen.no\/2026\/wp-content\/uploads\/sites\/5\/2026\/02\/Roar-Olsen.jpg\" alt=\"\" \/>\n\t\t\t\t<\/a>\n\t\t\t\t\t\t<h3>\n\t\t\t\t<a href=\"https:\/\/helsesikkerhetsdagen.no\/2026\/speaker\/roar-olsen\/\" title=\"Roar Olsen\">Roar Olsen<\/a>\t\t\t<\/h3>\n\t\t<a href=\"https:\/\/helsesikkerhetsdagen.no\/2026\/speaker\/aline-harmand\/\" title=\"View Box Content\" target=\"_self\"  aria-label=\"Post Element\"><\/a>\t\t\n\t\t\t\t\t\t\t\t\t\t\t\t\t\t<a href=\"https:\/\/helsesikkerhetsdagen.no\/2026\/speaker\/aline-harmand\/\" target=\"_self\" title=\"Aline Harmand\">\n\t\t\t\t<img decoding=\"async\" src=\"https:\/\/helsesikkerhetsdagen.no\/2026\/wp-content\/uploads\/sites\/5\/2026\/02\/AlineHarmand.jpg\" alt=\"\" \/>\n\t\t\t\t<\/a>\n\t\t\t\t\t\t<h3>\n\t\t\t\t<a href=\"https:\/\/helsesikkerhetsdagen.no\/2026\/speaker\/aline-harmand\/\" title=\"Aline Harmand\">Aline Harmand<\/a>\t\t\t<\/h3>\n\t\t<a href=\"https:\/\/helsesikkerhetsdagen.no\/2026\/speaker\/anne-karin-rime\/\" title=\"View Box Content\" target=\"_self\"  aria-label=\"Post Element\"><\/a>\t\t\n\t\t\t\t\t\t\t\t\t\t\t\t\t\t<a href=\"https:\/\/helsesikkerhetsdagen.no\/2026\/speaker\/anne-karin-rime\/\" target=\"_self\" title=\"Anne-Karin Rime\">\n\t\t\t\t<img decoding=\"async\" src=\"https:\/\/helsesikkerhetsdagen.no\/2026\/wp-content\/uploads\/sites\/5\/2026\/01\/Anne-Karin-Rime-1.jpg\" alt=\"\" \/>\n\t\t\t\t<\/a>\n\t\t\t\t\t\t<h3>\n\t\t\t\t<a href=\"https:\/\/helsesikkerhetsdagen.no\/2026\/speaker\/anne-karin-rime\/\" title=\"Anne-Karin Rime\">Anne-Karin Rime<\/a>\t\t\t<\/h3>\n<figure itemscope itemtype=\"https:\/\/schema.org\/ImageObject\">\n\t\t\t\t<a href=\"https:\/\/ehin.no\/artikler\/om-krig-og-fred\/\"  target=\"_self\" itemprop=\"url\">\n\t\t\t\t<img decoding=\"async\" src=\"https:\/\/helsesikkerhetsdagen.no\/2026\/wp-content\/uploads\/sites\/5\/2026\/03\/Brussel-1024x576-1.jpg\" alt=\"Brussel-1024x576\" height=\"576\" width=\"1024\" title=\"Brussel-1024x576\" onerror=\"this.style.display='none'\" loading=\"lazy\" \/>\n\t\t\t\t<\/a>\n\t<\/figure>\n<h3>\n\t\t<a href=\"https:\/\/ehin.no\/artikler\/om-krig-og-fred\/\" title=\"Kommentar: Om krig og fred\"  target=\"_self\">\n\t\t\tKommentar: Om krig og fred\t\t<\/a>\n\t<\/h3>\n\t<p>Brussel: Vi har v\u00e6rt gjennom en uhyggelig bratt l\u00e6ringskurve de siste \u00e5rene. Verden er ikke som den var f\u00f8r. En liten gruppe var nylig i Brussel. European Health Data Space, EU-politikk og innovasjon var blant teamene. I tillegg til et bes\u00f8k til Den nordatlantiske traktats organisasjon, forkortet NATO.<\/p>\n\t\t\t<a href=\"https:\/\/ehin.no\/artikler\/om-krig-og-fred\/\"  target=\"_self\">\n\t\t\t\t\t\t\tVil du bli partner?\n\t\t\t\t\t<\/a>\n<h1>\n\t\t\t\u00c5rets partnere p\u00e5:\t<\/h1>\n\t<p><a href=\"https:\/\/helsesikkerhetsdagen.no\/2026\/\" target=\"_blank\" rel=\"noopener\">Helsesikkerhetsdagen<\/a>\u00a0&amp;\u00a0<a href=\"https:\/\/helsedatadagen.no\/2026\/\">Helsedatadagen<\/a><\/p>\n\t\t\t<a href=\"https:\/\/helsesikkerhetsdagen.no\/2026\/bli-partner\/\"  target=\"_self\">\n\t\t\t\t\t\t\tVil du bli partner?\n\t\t\t\t\t<\/a>\n\t\t<a href=\"https:\/\/helsesikkerhetsdagen.no\/2026\/sponsor\/crayon\/\" title=\"View Box Content\" target=\"_self\"  aria-label=\"Post Element\"><\/a>\t\t\n\t<meta itemscope itemprop=\"mainEntityOfPage\" itemtype=\"https:\/\/schema.org\/WebPage\" itemid=\"https:\/\/helsesikkerhetsdagen.no\/2026\/sponsor\/crayon\/\" content=\"Crayon\" \/><meta itemprop=\"datePublished\" content=\"2026-02-23\" \/><meta itemprop=\"dateModified\" content=\"2026-02-23\" \/><meta itemprop=\"name\" content=\"Helsesikkerhetsdagen 2026\"\/><meta itemprop=\"url\" content=\"https:\/\/helsesikkerhetsdagen.no\/2026\/wp-content\/uploads\/sites\/5\/2022\/02\/Helsesikkerhetsdagen-UNIVERSAL-logo-lys-1.png\"\/><meta itemprop=\"url\" content=\"https:\/\/helsesikkerhetsdagen.no\/2026\/author\/christian\/\" \/><meta itemprop=\"name\" content=\"Christian Andersen\" \/><meta itemprop=\"url\" content=\"https:\/\/helsesikkerhetsdagen.no\/2026\/wp-content\/uploads\/sites\/5\/2026\/02\/Crayon-HVIT.png\" \/><meta itemprop=\"width\" content=\"1920\" \/><meta itemprop=\"height\" content=\"1080\" \/><meta itemprop=\"interactionType\" content=\"https:\/\/schema.org\/CommentAction\" \/><meta itemprop=\"userInteractionCount\" content=\"0\" \/>\n    \t\t\t\t\t\t<a href='https:\/\/helsesikkerhetsdagen.no\/2026\/sponsor\/crayon\/' title='Crayon'><img width=\"1024\" height=\"576\" src=\"https:\/\/helsesikkerhetsdagen.no\/2026\/wp-content\/uploads\/sites\/5\/2026\/02\/Crayon-HVIT-1024x576.png\" alt=\"\" itemprop=\"image\" decoding=\"async\" loading=\"lazy\" srcset=\"https:\/\/helsesikkerhetsdagen.no\/2026\/wp-content\/uploads\/sites\/5\/2026\/02\/Crayon-HVIT-1024x576.png 1024w, https:\/\/helsesikkerhetsdagen.no\/2026\/wp-content\/uploads\/sites\/5\/2026\/02\/Crayon-HVIT-300x169.png 300w, https:\/\/helsesikkerhetsdagen.no\/2026\/wp-content\/uploads\/sites\/5\/2026\/02\/Crayon-HVIT-768x432.png 768w, https:\/\/helsesikkerhetsdagen.no\/2026\/wp-content\/uploads\/sites\/5\/2026\/02\/Crayon-HVIT-1536x864.png 1536w, https:\/\/helsesikkerhetsdagen.no\/2026\/wp-content\/uploads\/sites\/5\/2026\/02\/Crayon-HVIT.png 1920w\" sizes=\"auto, (max-width: 1024px) 100vw, 1024px\" \/><\/a>\n\t\t<a href=\"https:\/\/helsesikkerhetsdagen.no\/2026\/sponsor\/telenor-cyberdefence\/\" title=\"View Box Content\" target=\"_self\"  aria-label=\"Post Element\"><\/a>\t\t\n\t<meta itemscope itemprop=\"mainEntityOfPage\" itemtype=\"https:\/\/schema.org\/WebPage\" itemid=\"https:\/\/helsesikkerhetsdagen.no\/2026\/sponsor\/telenor-cyberdefence\/\" content=\"Telenor CyberDefence\" \/><meta itemprop=\"datePublished\" content=\"2026-02-25\" \/><meta itemprop=\"dateModified\" content=\"2026-02-25\" \/><meta itemprop=\"name\" content=\"Helsesikkerhetsdagen 2026\"\/><meta itemprop=\"url\" content=\"https:\/\/helsesikkerhetsdagen.no\/2026\/wp-content\/uploads\/sites\/5\/2022\/02\/Helsesikkerhetsdagen-UNIVERSAL-logo-lys-1.png\"\/><meta itemprop=\"url\" content=\"https:\/\/helsesikkerhetsdagen.no\/2026\/author\/christian\/\" \/><meta itemprop=\"name\" content=\"Christian Andersen\" \/><meta itemprop=\"url\" content=\"https:\/\/helsesikkerhetsdagen.no\/2026\/wp-content\/uploads\/sites\/5\/2026\/02\/Telenor-CyberDefence-HVIT.png\" \/><meta itemprop=\"width\" content=\"1920\" \/><meta itemprop=\"height\" content=\"1080\" \/><meta itemprop=\"interactionType\" content=\"https:\/\/schema.org\/CommentAction\" \/><meta itemprop=\"userInteractionCount\" content=\"0\" \/>\n    \t\t\t\t\t\t<a href='https:\/\/helsesikkerhetsdagen.no\/2026\/sponsor\/telenor-cyberdefence\/' title='Telenor CyberDefence'><img width=\"1024\" height=\"576\" src=\"https:\/\/helsesikkerhetsdagen.no\/2026\/wp-content\/uploads\/sites\/5\/2026\/02\/Telenor-CyberDefence-HVIT-1024x576.png\" alt=\"\" itemprop=\"image\" decoding=\"async\" loading=\"lazy\" srcset=\"https:\/\/helsesikkerhetsdagen.no\/2026\/wp-content\/uploads\/sites\/5\/2026\/02\/Telenor-CyberDefence-HVIT-1024x576.png 1024w, https:\/\/helsesikkerhetsdagen.no\/2026\/wp-content\/uploads\/sites\/5\/2026\/02\/Telenor-CyberDefence-HVIT-300x169.png 300w, https:\/\/helsesikkerhetsdagen.no\/2026\/wp-content\/uploads\/sites\/5\/2026\/02\/Telenor-CyberDefence-HVIT-768x432.png 768w, https:\/\/helsesikkerhetsdagen.no\/2026\/wp-content\/uploads\/sites\/5\/2026\/02\/Telenor-CyberDefence-HVIT-1536x864.png 1536w, https:\/\/helsesikkerhetsdagen.no\/2026\/wp-content\/uploads\/sites\/5\/2026\/02\/Telenor-CyberDefence-HVIT.png 1920w\" sizes=\"auto, (max-width: 1024px) 100vw, 1024px\" \/><\/a>\n\t\t<a href=\"https:\/\/helsesikkerhetsdagen.no\/2026\/sponsor\/sas-institute\/\" title=\"View Box Content\" target=\"_self\"  aria-label=\"Post Element\"><\/a>\t\t\n\t<meta itemscope itemprop=\"mainEntityOfPage\" itemtype=\"https:\/\/schema.org\/WebPage\" itemid=\"https:\/\/helsesikkerhetsdagen.no\/2026\/sponsor\/sas-institute\/\" content=\"SAS Institute\" \/><meta itemprop=\"datePublished\" content=\"2026-03-04\" \/><meta itemprop=\"dateModified\" content=\"2026-03-04\" \/><meta itemprop=\"name\" content=\"Helsesikkerhetsdagen 2026\"\/><meta itemprop=\"url\" content=\"https:\/\/helsesikkerhetsdagen.no\/2026\/wp-content\/uploads\/sites\/5\/2022\/02\/Helsesikkerhetsdagen-UNIVERSAL-logo-lys-1.png\"\/><meta itemprop=\"url\" content=\"https:\/\/helsesikkerhetsdagen.no\/2026\/author\/christian\/\" \/><meta itemprop=\"name\" content=\"Christian Andersen\" \/><meta itemprop=\"url\" content=\"https:\/\/helsesikkerhetsdagen.no\/2026\/wp-content\/uploads\/sites\/5\/2026\/03\/SAS-Institute.png\" \/><meta itemprop=\"width\" content=\"1920\" \/><meta itemprop=\"height\" content=\"1080\" \/><meta itemprop=\"interactionType\" content=\"https:\/\/schema.org\/CommentAction\" \/><meta itemprop=\"userInteractionCount\" content=\"0\" \/>\n    \t\t\t\t\t\t<a href='https:\/\/helsesikkerhetsdagen.no\/2026\/sponsor\/sas-institute\/' title='SAS Institute'><img width=\"1024\" height=\"576\" src=\"https:\/\/helsesikkerhetsdagen.no\/2026\/wp-content\/uploads\/sites\/5\/2026\/03\/SAS-Institute-1024x576.png\" alt=\"\" itemprop=\"image\" decoding=\"async\" loading=\"lazy\" srcset=\"https:\/\/helsesikkerhetsdagen.no\/2026\/wp-content\/uploads\/sites\/5\/2026\/03\/SAS-Institute-1024x576.png 1024w, https:\/\/helsesikkerhetsdagen.no\/2026\/wp-content\/uploads\/sites\/5\/2026\/03\/SAS-Institute-300x169.png 300w, https:\/\/helsesikkerhetsdagen.no\/2026\/wp-content\/uploads\/sites\/5\/2026\/03\/SAS-Institute-768x432.png 768w, https:\/\/helsesikkerhetsdagen.no\/2026\/wp-content\/uploads\/sites\/5\/2026\/03\/SAS-Institute-1536x864.png 1536w, https:\/\/helsesikkerhetsdagen.no\/2026\/wp-content\/uploads\/sites\/5\/2026\/03\/SAS-Institute.png 1920w\" sizes=\"auto, (max-width: 1024px) 100vw, 1024px\" \/><\/a>\n\t\t<a href=\"https:\/\/helsesikkerhetsdagen.no\/2026\/sponsor\/experis\/\" title=\"View Box Content\" target=\"_self\"  aria-label=\"Post Element\"><\/a>\t\t\n\t<meta itemscope itemprop=\"mainEntityOfPage\" itemtype=\"https:\/\/schema.org\/WebPage\" itemid=\"https:\/\/helsesikkerhetsdagen.no\/2026\/sponsor\/experis\/\" content=\"Experis\" \/><meta itemprop=\"datePublished\" content=\"2026-03-04\" \/><meta itemprop=\"dateModified\" content=\"2026-03-04\" \/><meta itemprop=\"name\" content=\"Helsesikkerhetsdagen 2026\"\/><meta itemprop=\"url\" content=\"https:\/\/helsesikkerhetsdagen.no\/2026\/wp-content\/uploads\/sites\/5\/2022\/02\/Helsesikkerhetsdagen-UNIVERSAL-logo-lys-1.png\"\/><meta itemprop=\"url\" content=\"https:\/\/helsesikkerhetsdagen.no\/2026\/author\/christian\/\" \/><meta itemprop=\"name\" content=\"Christian Andersen\" \/><meta itemprop=\"url\" content=\"https:\/\/helsesikkerhetsdagen.no\/2026\/wp-content\/uploads\/sites\/5\/2026\/03\/Experis-HVIT.png\" \/><meta itemprop=\"width\" content=\"1920\" \/><meta itemprop=\"height\" content=\"1080\" \/><meta itemprop=\"interactionType\" content=\"https:\/\/schema.org\/CommentAction\" \/><meta itemprop=\"userInteractionCount\" content=\"0\" \/>\n    \t\t\t\t\t\t<a href='https:\/\/helsesikkerhetsdagen.no\/2026\/sponsor\/experis\/' title='Experis'><img width=\"1024\" height=\"576\" src=\"https:\/\/helsesikkerhetsdagen.no\/2026\/wp-content\/uploads\/sites\/5\/2026\/03\/Experis-HVIT-1024x576.png\" alt=\"\" itemprop=\"image\" decoding=\"async\" loading=\"lazy\" srcset=\"https:\/\/helsesikkerhetsdagen.no\/2026\/wp-content\/uploads\/sites\/5\/2026\/03\/Experis-HVIT-1024x576.png 1024w, https:\/\/helsesikkerhetsdagen.no\/2026\/wp-content\/uploads\/sites\/5\/2026\/03\/Experis-HVIT-300x169.png 300w, https:\/\/helsesikkerhetsdagen.no\/2026\/wp-content\/uploads\/sites\/5\/2026\/03\/Experis-HVIT-768x432.png 768w, https:\/\/helsesikkerhetsdagen.no\/2026\/wp-content\/uploads\/sites\/5\/2026\/03\/Experis-HVIT-1536x864.png 1536w, https:\/\/helsesikkerhetsdagen.no\/2026\/wp-content\/uploads\/sites\/5\/2026\/03\/Experis-HVIT.png 1920w\" sizes=\"auto, (max-width: 1024px) 100vw, 1024px\" \/><\/a>\n\t\t<a href=\"https:\/\/helsesikkerhetsdagen.no\/2026\/sponsor\/keepit\/\" title=\"View Box Content\" target=\"_self\"  aria-label=\"Post Element\"><\/a>\t\t\n\t<meta itemscope itemprop=\"mainEntityOfPage\" itemtype=\"https:\/\/schema.org\/WebPage\" itemid=\"https:\/\/helsesikkerhetsdagen.no\/2026\/sponsor\/keepit\/\" content=\"Keepit\" \/><meta itemprop=\"datePublished\" content=\"2026-03-19\" \/><meta itemprop=\"dateModified\" content=\"2026-03-19\" \/><meta itemprop=\"name\" content=\"Helsesikkerhetsdagen 2026\"\/><meta itemprop=\"url\" content=\"https:\/\/helsesikkerhetsdagen.no\/2026\/wp-content\/uploads\/sites\/5\/2022\/02\/Helsesikkerhetsdagen-UNIVERSAL-logo-lys-1.png\"\/><meta itemprop=\"url\" content=\"https:\/\/helsesikkerhetsdagen.no\/2026\/author\/christian\/\" \/><meta itemprop=\"name\" content=\"Christian Andersen\" \/><meta itemprop=\"url\" content=\"https:\/\/helsesikkerhetsdagen.no\/2026\/wp-content\/uploads\/sites\/5\/2026\/03\/Keepit-lys.png\" \/><meta itemprop=\"width\" content=\"1920\" \/><meta itemprop=\"height\" content=\"1080\" \/><meta itemprop=\"interactionType\" content=\"https:\/\/schema.org\/CommentAction\" \/><meta itemprop=\"userInteractionCount\" content=\"0\" \/>\n    \t\t\t\t\t\t<a href='https:\/\/helsesikkerhetsdagen.no\/2026\/sponsor\/keepit\/' title='Keepit'><img width=\"1024\" height=\"576\" src=\"https:\/\/helsesikkerhetsdagen.no\/2026\/wp-content\/uploads\/sites\/5\/2026\/03\/Keepit-lys-1024x576.png\" alt=\"\" itemprop=\"image\" decoding=\"async\" loading=\"lazy\" srcset=\"https:\/\/helsesikkerhetsdagen.no\/2026\/wp-content\/uploads\/sites\/5\/2026\/03\/Keepit-lys-1024x576.png 1024w, https:\/\/helsesikkerhetsdagen.no\/2026\/wp-content\/uploads\/sites\/5\/2026\/03\/Keepit-lys-300x169.png 300w, https:\/\/helsesikkerhetsdagen.no\/2026\/wp-content\/uploads\/sites\/5\/2026\/03\/Keepit-lys-768x432.png 768w, https:\/\/helsesikkerhetsdagen.no\/2026\/wp-content\/uploads\/sites\/5\/2026\/03\/Keepit-lys-1536x864.png 1536w, https:\/\/helsesikkerhetsdagen.no\/2026\/wp-content\/uploads\/sites\/5\/2026\/03\/Keepit-lys.png 1920w\" sizes=\"auto, (max-width: 1024px) 100vw, 1024px\" \/><\/a>\n\t\t<a href=\"https:\/\/helsesikkerhetsdagen.no\/2026\/sponsor\/trend-micro\/\" title=\"View Box Content\" target=\"_self\"  aria-label=\"Post Element\"><\/a>\t\t\n\t<meta itemscope itemprop=\"mainEntityOfPage\" itemtype=\"https:\/\/schema.org\/WebPage\" itemid=\"https:\/\/helsesikkerhetsdagen.no\/2026\/sponsor\/trend-micro\/\" content=\"Trend Micro\" \/><meta itemprop=\"datePublished\" content=\"2026-02-09\" \/><meta itemprop=\"dateModified\" content=\"2026-03-20\" \/><meta itemprop=\"name\" content=\"Helsesikkerhetsdagen 2026\"\/><meta itemprop=\"url\" content=\"https:\/\/helsesikkerhetsdagen.no\/2026\/wp-content\/uploads\/sites\/5\/2022\/02\/Helsesikkerhetsdagen-UNIVERSAL-logo-lys-1.png\"\/><meta itemprop=\"url\" content=\"https:\/\/helsesikkerhetsdagen.no\/2026\/author\/christian\/\" \/><meta itemprop=\"name\" content=\"Christian Andersen\" \/><meta itemprop=\"url\" content=\"https:\/\/helsesikkerhetsdagen.no\/2026\/wp-content\/uploads\/sites\/5\/2026\/02\/Trend-AI-Hvit.png\" \/><meta itemprop=\"width\" content=\"1920\" \/><meta itemprop=\"height\" content=\"1080\" \/><meta itemprop=\"interactionType\" content=\"https:\/\/schema.org\/CommentAction\" \/><meta itemprop=\"userInteractionCount\" content=\"0\" \/>\n    \t\t\t\t\t\t<a href='https:\/\/helsesikkerhetsdagen.no\/2026\/sponsor\/trend-micro\/' title='Trend Micro'><img width=\"1024\" height=\"576\" src=\"https:\/\/helsesikkerhetsdagen.no\/2026\/wp-content\/uploads\/sites\/5\/2026\/02\/Trend-AI-Hvit-1024x576.png\" alt=\"\" itemprop=\"image\" decoding=\"async\" loading=\"lazy\" srcset=\"https:\/\/helsesikkerhetsdagen.no\/2026\/wp-content\/uploads\/sites\/5\/2026\/02\/Trend-AI-Hvit-1024x576.png 1024w, https:\/\/helsesikkerhetsdagen.no\/2026\/wp-content\/uploads\/sites\/5\/2026\/02\/Trend-AI-Hvit-300x169.png 300w, https:\/\/helsesikkerhetsdagen.no\/2026\/wp-content\/uploads\/sites\/5\/2026\/02\/Trend-AI-Hvit-768x432.png 768w, https:\/\/helsesikkerhetsdagen.no\/2026\/wp-content\/uploads\/sites\/5\/2026\/02\/Trend-AI-Hvit-1536x864.png 1536w, https:\/\/helsesikkerhetsdagen.no\/2026\/wp-content\/uploads\/sites\/5\/2026\/02\/Trend-AI-Hvit.png 1920w\" sizes=\"auto, (max-width: 1024px) 100vw, 1024px\" \/><\/a>\n<h2>\n\t\t\tHelsedata og kommunikasjon i krisetid\t<\/h2>\n\t<p>I en verden som stadig blir mer digital og samtidig opplever \u00f8kende sikkerhetstrusler m\u00e5 vi tenke oss ekstra gjennom hvordan vi h\u00e5ndterer krisesituasjoner.<\/p>\n<p>Helse- og omsorgstjenestene er beredskapsorganisasjoner, skriver Legeforeningen p\u00e5 sin hjemmeside. Grunnberedskapen m\u00e5 derfor v\u00e6re robust nok til \u00e5 h\u00e5ndtere ulike typer kriser.<\/p>\n<blockquote><p>Det er dagens kompetanse og kapasitet som avgj\u00f8r hvordan vi h\u00e5ndterer morgensdagens beredskapshendelser. Jeg h\u00e5per regjeringen gj\u00f8r alvor av at det skal v\u00e6re mer \u00f8velse. Og da mener jeg ikke bare skrivebords\u00f8velser, men \u00f8velser helt ned og ut i organisasjonene, som faktisk skal omstille seg hvis det blir krise eller krig, sier Anner-Karin Rime, som er leder for Legeforeningen.<\/p><\/blockquote>\n<p>P\u00e5 Helsesikkerhetsdagen setter EHiN s\u00f8kelys p\u00e5 hvordan digital kommunikasjon og samhandling kan styrkes i en krisesituasjon. Dette gjelder b\u00e5de n\u00e5r man m\u00e5 h\u00e5ndtere uoversiktlige situasjoner i feltet, sikring av n\u00f8dvendig kommunikasjon, overf\u00f8ring av helsedata og videokontakt, og hvordan man holder kontroll p\u00e5 lagrede helsedata n\u00e5r uvedkommende fors\u00f8ker \u00e5 endre dem eller gj\u00f8re de utilgjengelige.<\/p>\n<p>For denne dagen har EHiN invitert en rekke akt\u00f8rer &#8211; blant dem er Legeforeningen, Norsk Helsenett, Sykehus Innlandets PreVIS-prosjekt, Forsvarets seksjon for milit\u00e6rt-sivilt samarbeid, Normen for informasjonssikkerhet og personvern i helse- og omsorgssektoren, Helsedepartementets avdeling for beredskap, Helsetjenestens driftsorganisasjon for n\u00f8dnett HF, KS, Helse S\u00f8r-\u00d8st, Microsoft, og andre.<\/p>\n<figure itemscope itemtype=\"https:\/\/schema.org\/ImageObject\">\n\t\t\t\t<img decoding=\"async\" src=\"https:\/\/helsesikkerhetsdagen.no\/2023\/wp-content\/uploads\/sites\/2\/2023\/03\/iot-technology-2.jpg\" alt=\"iot-technology 2\" height=\"1440\" width=\"960\" title=\"iot-technology 2\" onerror=\"this.style.display='none'\" loading=\"lazy\" \/>\n\t<\/figure>\n\t\t\t<a href=\"https:\/\/helsesikkerhetsdagen.no\/2026\/billetter\/\"  target=\"_blank\" rel=\"noopener\"    rel=\"noopener\">\n\t\t\t\t\t\tMeld deg p\u00e5 her\n\t\t\t\t\t<\/a>\n\n","protected":false},"excerpt":{"rendered":"<p>N\u00e5r krisen rammer, t\u00e5ler helsetjenesten et digitalt angrep? 9. april 2026 &#8211; Oslo Event Hub Se program og speakere Takk for at du deltok &#8211; Vi tar samtalene videre p\u00e5 EHiN Helsedatadagen g\u00e5r samtidig samme sted &#8211; Ta en kikk p\u00e5 programmet! Helsesikkerhetsdagen presenterer et bredt spekter av l\u00f8sninger for fremtiden i samarbeid med offentlige&hellip;<\/p>\n","protected":false},"author":1,"featured_media":0,"parent":0,"menu_order":0,"comment_status":"closed","ping_status":"closed","template":"","meta":{"_acf_changed":false,"footnotes":""},"class_list":["post-508","page","type-page","status-publish","hentry"],"acf":[],"_links":{"self":[{"href":"https:\/\/helsesikkerhetsdagen.no\/2026\/wp-json\/wp\/v2\/pages\/508","targetHints":{"allow":["GET"]}}],"collection":[{"href":"https:\/\/helsesikkerhetsdagen.no\/2026\/wp-json\/wp\/v2\/pages"}],"about":[{"href":"https:\/\/helsesikkerhetsdagen.no\/2026\/wp-json\/wp\/v2\/types\/page"}],"author":[{"embeddable":true,"href":"https:\/\/helsesikkerhetsdagen.no\/2026\/wp-json\/wp\/v2\/users\/1"}],"replies":[{"embeddable":true,"href":"https:\/\/helsesikkerhetsdagen.no\/2026\/wp-json\/wp\/v2\/comments?post=508"}],"version-history":[{"count":11,"href":"https:\/\/helsesikkerhetsdagen.no\/2026\/wp-json\/wp\/v2\/pages\/508\/revisions"}],"predecessor-version":[{"id":801,"href":"https:\/\/helsesikkerhetsdagen.no\/2026\/wp-json\/wp\/v2\/pages\/508\/revisions\/801"}],"wp:attachment":[{"href":"https:\/\/helsesikkerhetsdagen.no\/2026\/wp-json\/wp\/v2\/media?parent=508"}],"curies":[{"name":"wp","href":"https:\/\/api.w.org\/{rel}","templated":true}]}}