{"id":275,"date":"2023-03-07T10:21:09","date_gmt":"2023-03-07T09:21:09","guid":{"rendered":"https:\/\/helsesikkerhetsdagen.no\/2023\/?page_id=273"},"modified":"2025-01-27T13:04:44","modified_gmt":"2025-01-27T12:04:44","slug":"bli-partner","status":"publish","type":"page","link":"https:\/\/helsesikkerhetsdagen.no\/2025\/bli-partner\/","title":{"rendered":"Bli partner"},"content":{"rendered":"\n<h1>\n\t\tVil du bli partner p\u00e5 Helsesikkerhetsdagen 2025?\n\t<\/h1>\n<h3>\n\t\tDagskonferanse 2. april p\u00e5 Legenes hus\n\t<\/h3>\n<h5>\n\t\tChristiania Torv 5, 0158 Oslo\n\t<\/h5>\n\t<p>Bli med p\u00e5 \u00e5rets happening innen helsesikkerhet! Sikkerhet i helse er ikke bare en n\u00f8dvendighet, men en grunnleggende verdi i de nordiske landene. Vi er stolte av \u00e5 presentere Helsesikkerhetsdagen, en eksklusiv begivenhet som bringer sammen de mest fremtredende helseeksperter og teknologiledere fra hele Norden. Dette er den perfekte plattformen for \u00e5 diskutere de strategiske beslutningene som trengs for \u00e5 bevare sikkerheten og tilliten i helsesektoren, samtidig som vi tar i bruk de siste teknologiene og datainnsiktene.<\/p>\n<p>Som en partner p\u00e5 konferansen vil du f\u00e5 en eksklusiv mulighet til \u00e5 bygge relasjoner med ledende helseakt\u00f8rer og teknologiekspertise. Som partner vil du ogs\u00e5 f\u00e5 en plass til \u00e5 vise frem ditt eget produkt eller tjeneste.<\/p>\n<p><strong>Vi ses p\u00e5 Helsesikkerhetsdagen 2. april 2025!<\/strong><\/p>\n<h3>\n\t\tPartnerpakker for Helsesikkerhetsdagen\n\t<\/h3>\n\t<p><strong>Standardpakke:\u00a0<\/strong><\/p>\n<ul>\n<li>Tilgang til stand<\/li>\n<li>Ett bord, to stoler, str\u00f8m og str\u00f8muttak p\u00e5 stand<\/li>\n<li>2 konferansebilletter for ansatte.<\/li>\n<li>Dagpakke for 2 personer<\/li>\n<li>Profilering p\u00e5 EHiNs nettsider<\/li>\n<li>Deltakerliste fra de som har samtykket til deling<\/li>\n<li>Profilering i EHiNs nyhetsbrev ved publisering av partnere i forkant av eventet<\/li>\n<li>Bidra med innhold i program under EHiNs redaksjon<\/li>\n<\/ul>\n<p>NOK 60 000,- eks.mva.<\/p>\n\t<p><strong>Fordeler for hel\u00e5rspartnere:<\/strong><\/p>\n<ul>\n<li>Prioritert valg for utstillerplass. Vis dere frem, nettverk og start gode samtaler<\/li>\n<li>Prioriterte bidrag til programmet under EHiNs regi<\/li>\n<li>Logo og synlighet p\u00e5 nettside, nyhetsbrev og markedsf\u00f8ring til Helsesikkerhetsdagen 2025<\/li>\n<li>Halv pris p\u00e5 Helsesikkerhetsdagen-pakken: NOK 30 000,- eks.mva.<\/li>\n<\/ul>\n\t\t\t<a href=\"mailto:helsesikkerhetsdagen@ehin.no\" target=\"_self\" role=\"button\">\n\t\t\t\t\t\t\tIntressert? Kontakt oss p\u00e5 helsesikkerhetsdagen@ehin.no\n\t\t\t\t\t<\/a>\n\n","protected":false},"excerpt":{"rendered":"<p>Vil du bli partner p\u00e5 Helsesikkerhetsdagen 2025? Dagskonferanse 2. april p\u00e5 Legenes hus Christiania Torv 5, 0158 Oslo Bli med p\u00e5 \u00e5rets happening innen helsesikkerhet! Sikkerhet i helse er ikke bare en n\u00f8dvendighet, men en grunnleggende verdi i de nordiske landene. Vi er stolte av \u00e5 presentere Helsesikkerhetsdagen, en eksklusiv begivenhet som bringer sammen de&hellip;<\/p>\n","protected":false},"author":2,"featured_media":0,"parent":0,"menu_order":0,"comment_status":"closed","ping_status":"closed","template":"","meta":{"_acf_changed":false,"footnotes":""},"class_list":["post-275","page","type-page","status-publish","hentry"],"acf":[],"_links":{"self":[{"href":"https:\/\/helsesikkerhetsdagen.no\/2025\/wp-json\/wp\/v2\/pages\/275","targetHints":{"allow":["GET"]}}],"collection":[{"href":"https:\/\/helsesikkerhetsdagen.no\/2025\/wp-json\/wp\/v2\/pages"}],"about":[{"href":"https:\/\/helsesikkerhetsdagen.no\/2025\/wp-json\/wp\/v2\/types\/page"}],"author":[{"embeddable":true,"href":"https:\/\/helsesikkerhetsdagen.no\/2025\/wp-json\/wp\/v2\/users\/2"}],"replies":[{"embeddable":true,"href":"https:\/\/helsesikkerhetsdagen.no\/2025\/wp-json\/wp\/v2\/comments?post=275"}],"version-history":[{"count":9,"href":"https:\/\/helsesikkerhetsdagen.no\/2025\/wp-json\/wp\/v2\/pages\/275\/revisions"}],"predecessor-version":[{"id":378,"href":"https:\/\/helsesikkerhetsdagen.no\/2025\/wp-json\/wp\/v2\/pages\/275\/revisions\/378"}],"wp:attachment":[{"href":"https:\/\/helsesikkerhetsdagen.no\/2025\/wp-json\/wp\/v2\/media?parent=275"}],"curies":[{"name":"wp","href":"https:\/\/api.w.org\/{rel}","templated":true}]}}