{"id":273,"date":"2023-03-07T10:20:55","date_gmt":"2023-03-07T09:20:55","guid":{"rendered":"https:\/\/helsesikkerhetsdagen.no\/2023\/?page_id=271"},"modified":"2025-01-06T10:35:31","modified_gmt":"2025-01-06T09:35:31","slug":"speakere","status":"publish","type":"page","link":"https:\/\/helsesikkerhetsdagen.no\/2025\/speakere\/","title":{"rendered":"Speakere"},"content":{"rendered":"\n<h1>\n\t\t\u00c5rets speakere\n\t<\/h1>\n\t<p>Her er \u00e5rets speakere!<\/p>\n\t<p>Ingen speakere er publisert enda, oppdateres fortl\u00f8pende.<\/p>\n\t\t\t<form aria-label=\"S\u00f8k\" method=\"get\" role=\"search\" action=\"https:\/\/helsesikkerhetsdagen.no\/2025\/\" title=\"Skriv inn og trykk ENTER for \u00e5 s\u00f8ke.\">\n\t<input aria-label=\"S\u00f8k\" type=\"search\" name=\"s\" placeholder=\"S\u00f8k\"  value=\"\" onfocus=\"if (this.value === 'S\u00f8k') { this.value = ''; }\" onblur=\"if (this.value === '') this.value='S\u00f8k';\" \/>\n<\/form>\n\t\n","protected":false},"excerpt":{"rendered":"<p>\u00c5rets speakere Her er \u00e5rets speakere! Ingen speakere er publisert enda, oppdateres fortl\u00f8pende.<\/p>\n","protected":false},"author":2,"featured_media":0,"parent":0,"menu_order":0,"comment_status":"closed","ping_status":"closed","template":"","meta":{"_acf_changed":false,"footnotes":""},"class_list":["post-273","page","type-page","status-publish","hentry"],"acf":[],"_links":{"self":[{"href":"https:\/\/helsesikkerhetsdagen.no\/2025\/wp-json\/wp\/v2\/pages\/273","targetHints":{"allow":["GET"]}}],"collection":[{"href":"https:\/\/helsesikkerhetsdagen.no\/2025\/wp-json\/wp\/v2\/pages"}],"about":[{"href":"https:\/\/helsesikkerhetsdagen.no\/2025\/wp-json\/wp\/v2\/types\/page"}],"author":[{"embeddable":true,"href":"https:\/\/helsesikkerhetsdagen.no\/2025\/wp-json\/wp\/v2\/users\/2"}],"replies":[{"embeddable":true,"href":"https:\/\/helsesikkerhetsdagen.no\/2025\/wp-json\/wp\/v2\/comments?post=273"}],"version-history":[{"count":1,"href":"https:\/\/helsesikkerhetsdagen.no\/2025\/wp-json\/wp\/v2\/pages\/273\/revisions"}],"predecessor-version":[{"id":314,"href":"https:\/\/helsesikkerhetsdagen.no\/2025\/wp-json\/wp\/v2\/pages\/273\/revisions\/314"}],"wp:attachment":[{"href":"https:\/\/helsesikkerhetsdagen.no\/2025\/wp-json\/wp\/v2\/media?parent=273"}],"curies":[{"name":"wp","href":"https:\/\/api.w.org\/{rel}","templated":true}]}}