{"id":272,"date":"2023-03-07T10:20:49","date_gmt":"2023-03-07T09:20:49","guid":{"rendered":"https:\/\/helsesikkerhetsdagen.no\/2023\/?page_id=270"},"modified":"2025-11-26T20:13:31","modified_gmt":"2025-11-26T19:13:31","slug":"program","status":"publish","type":"page","link":"https:\/\/helsesikkerhetsdagen.no\/2025\/program\/","title":{"rendered":"Program"},"content":{"rendered":"\n<h1>\n\t\tProgram\n\t<\/h1>\n<h3>\n\t\tVelkommen til EHiNs Helsesikkerhetsdag\n\t<\/h3>\n\t<p>I Stortingsmelding 9 om beredskap st\u00e5r det syv strategiske prioriteringer. \u00c9n av dem er: &laquo;Styrke digital motstandskraft og nasjonal kontroll over kritisk infrastruktur og strategisk viktige virksomheter, naturressurser, eiendom og verdier.&raquo;<\/p>\n<p>Hvordan kan vi styrke v\u00e5re digitale helsetjenester, slik at de i en uoversiktlig krisesituasjon fungerer p\u00e5 en sikker m\u00e5te?<\/p>\n<p>Sammen med bl.a. NHN, HDO, Forsvaret, Legeforeningen, Normen\/Helsedirektoratet, Microsoft og flere diskuterer vi disse sp\u00f8rsm\u00e5lene.<\/p>\n<p><em>Programmet legges ut fortl\u00f8pende, tidene kan avvike.<\/em><\/p>\n\t<p><strong>08:00-09:00<\/strong><\/p>\n<h2>\n\t\tRegistrering\n\t<\/h2>\n\t<strong>09:00-10:00<\/strong><br \/>\nSal 1\n<h2>\n\t\tHelseberedskap i krisetid\n\t<\/h2>\n\t<p>\u00c5pningen av Helsesikkerhetsdagen 2025<\/p>\n<strong>Felles ansvar for beredskap<br \/>\n<\/strong><em><a href=\"https:\/\/helsesikkerhetsdagen.no\/2025\/speaker\/anne-karin-rime\/\">Anne-Karin Rime<\/a>, President, Legeforeningen<\/em>\n<strong>Utfordringer i det nye trusselbildet<br \/>\n<\/strong><em><a href=\"https:\/\/helsesikkerhetsdagen.no\/2025\/speaker\/jan-wilhelm-willassen\/\">Jan W. Willassen<\/a>, Spesialr\u00e5dgiver, beredskap og sikkerhet, Helse S\u00f8r-\u00d8st RHF<\/em>\n<strong>Hvordan kan vi sikre oss?<\/strong><em><br \/>\n<a href=\"https:\/\/helsesikkerhetsdagen.no\/2025\/speaker\/marius-leiros-by\/\">Marius Leiros By<\/a>, Stabsoffiser, Forsvarets sanitet<\/em>\n<p><strong>Moderator: <\/strong><a href=\"https:\/\/helsesikkerhetsdagen.no\/2025\/speaker\/bjorn-astad\/\">Bj\u00f8rn Astad<\/a>, Spesialr\u00e5dgiver i sikkerhet og beredskap, Helse &#8211; og omsorgsdepartementet<\/p>\n\t<p><strong>10:00-10:15<\/strong><\/p>\n<h2>\n\t\tPause\n\t<\/h2>\n\t<strong>10:15-11:00<\/strong><br \/>\nSal 1\n<h2>\n\t\tDagens trusselbilde\n\t<\/h2>\n\t<strong>Underst\u00f8tter infrastrukturen det nye trusselbildet?<\/strong><br \/>\n<em><a href=\"https:\/\/helsesikkerhetsdagen.no\/2025\/speaker\/frode-johansen\/\">Frode Johansen<\/a>, Divisjonsdirekt\u00f8r, Tjenester for spesialisthelsetjenesten, Norsk Helsenett<\/em>\n<strong>Dagens l\u00f8sninger sett i lys av sikkerhetssituasjonen<\/strong><em><br \/>\n<a href=\"https:\/\/helsesikkerhetsdagen.no\/2025\/speaker\/vegar-hermansson\/\">Vegar Hermansson<\/a>, Leder for tjenesteleveranser, Helsetjenestens driftsorganisasjon for n\u00f8dnett HF (HDO)<\/em>\n<p><strong>Moderator:<\/strong> <a href=\"https:\/\/helsesikkerhetsdagen.no\/2025\/speaker\/nard-schreurs\/\">Nard Schreurs<\/a>, Daglig leder, EHiN<\/p>\n\t<p><strong>11:00-11:15<\/strong><\/p>\n<h2>\n\t\tPause\n\t<\/h2>\n\t<p><strong>11:15-12:00<\/strong><br \/>Sal 1<\/p>\n<h2>\n\t\tSikker kommunikasjon i helsevesenet\n\t<\/h2>\n\t<p><strong>Hvilke kommunikasjonsl\u00f8sninger finnes for helsevesenet?<\/strong><\/p>\n<p>Videol\u00f8sninger i dag og for fremtiden<\/p>\n<ul>\n<li><em><a href=\"https:\/\/helsesikkerhetsdagen.no\/2025\/speaker\/peder-andreas-stokke\/\">Peder Stokke<\/a>, Innovasjonsr\u00e5dgiver, Forsknings og innovasjonsavdeling, Sykehuset Innlandet<\/em><\/li>\n<li><em><a href=\"https:\/\/helsesikkerhetsdagen.no\/2025\/speaker\/nils-halvor-gryting\/\">Nils Halvor Gryting<\/a>, Paramedic, ambulansearbeider og prosjektleder, kompetanseavdelingen i prehospitale tjenester ved Sykehuset Innlandet<\/em><\/li>\n<li><em><a href=\"https:\/\/helsesikkerhetsdagen.no\/2025\/speaker\/tom-bakken\/\">Tom Bakken<\/a>, Paramedic og brannmann, Sykehuset Innlandet<\/em><\/li>\n<\/ul>\n<p><strong>Moderator:<\/strong> <a href=\"https:\/\/helsesikkerhetsdagen.no\/2025\/speaker\/sunniva-balstad\/\">Sunniva Balstad<\/a>, Spesialr\u00e5dgiver, kommunikasjon og kompetanse, EHiN<\/p>\n\t<p><strong>12:00-12:45<\/strong><br \/>Spiseomr\u00e5det<\/p>\n<h2>\n\t\tLunsj\n\t<\/h2>\n\t<strong>12:45-13:30<\/strong><br \/>\nSal 1\n<h2>\n\t\tSikre data i krisetid\n\t<\/h2>\n\t<strong>When Crisis Hits, the Browser Becomes the Frontline<\/strong><br \/>\n<em><a href=\"https:\/\/helsesikkerhetsdagen.no\/2025\/speaker\/mischa-peters\/\">Mischa Peters<\/a>, Director of Domain Consulting EMEA, Enterprise Browser, Palo Alto Networks<\/em>\n<p>In critical situations, whether a cyberattack, a national emergency, or a breakdown in physical infrastructure, the ability to access and protect health data securely and immediately can save lives. But how do we ensure secure digital workflows when personnel are using unmanaged devices, in ad-hoc locations, and under extreme pressure?<\/p>\n<strong>Sikkerhet i helsesektoren<\/strong><br \/>\n<em><a href=\"https:\/\/helsesikkerhetsdagen.no\/2025\/speaker\/jan-gunnar-broch\/\">Jan Gunnar Broch<\/a>, Avdelingsdirekt\u00f8r, Norm for informasjonssikkerhet og personvern i helse- og omsorgssektoren, Helsedirektoratet<\/em>\n<p><strong>Moderator: <\/strong><a href=\"https:\/\/helsesikkerhetsdagen.no\/2025\/speaker\/bjorn-astad\/\">Bj\u00f8rn Astad<\/a>, Spesialr\u00e5dgiver i sikkerhet og beredskap, Helse &#8211; og omsorgsdepartementet<\/p>\n\t<p><strong>13:30-13:45<\/strong><\/p>\n<h2>\n\t\tPause\n\t<\/h2>\n\t<strong>13:45-14:30<\/strong><br \/>\nSal 1\n<h2>\n\t\tHva skjer med plattformer n\u00e5r det er krise?\n\t<\/h2>\n\t<strong>Hvordan bygge plattformer som fungerer gjennom hele krisespennet<\/strong><br \/>\n<em><a href=\"https:\/\/helsesikkerhetsdagen.no\/2025\/speaker\/christopher-frenning\/\">Christopher Frenning<\/a>, Teknologidirekt\u00f8r, Microsoft Norge<\/em>\n<p>Noen systemer m\u00e5 alltid fungere. Andre systemer kan erstattes av n\u00f8dsystemer. Vi diskuterer n\u00e5 daglig deler av krisespennet vi ikke hadde like mye i bevisstheten for bare kort stund siden. Hva betyr dette for IT systemer? Hvordan velger man plattformer, l\u00f8sninger, leverand\u00f8rer og ikke minst: hvordan bygger man applikasjoner som m\u00e5 fungere uansett hva som skjer?<\/p>\n<strong>Sammen eier vi krisa<\/strong><br \/>\n<em><a href=\"https:\/\/helsesikkerhetsdagen.no\/2025\/speaker\/lena-bredde\/\">Lena Bredde<\/a>, Chief Medical Officer, Bliksund<\/em>\n<p>Digitalisering og felles medisinsk situasjonsforst\u00e5else langs evakueringsaksene i Totalforsvaret<\/p>\n<p><strong>Moderator:<\/strong> <a href=\"https:\/\/helsesikkerhetsdagen.no\/2025\/speaker\/sunniva-balstad\/\">Sunniva Balstad<\/a>, Spesialr\u00e5dgiver, kommunikasjon og kompetanse, EHiN<\/p>\n\t<p><strong>14:30-14:45<\/strong><\/p>\n<h2>\n\t\tPause\n\t<\/h2>\n\t<strong>14:45-16:00<\/strong><br \/>\nSal 1\n<h2>\n\t\tDebatt om helse i krisetider\n\t<\/h2>\n\t<strong>Innledning: Digital sikkerhet og beredskap<\/strong><br \/>\n<em><a href=\"https:\/\/helsesikkerhetsdagen.no\/2025\/speaker\/cathrine-vange-singstad\/\">Cathrine V\u00e5nge Singstad<\/a>, Partner digital sikkerhet og personvern, Otte<\/em>\n<p>Aldri f\u00f8r har det v\u00e6rt et mer uklart skille mellom v\u00e5rt digitale liv p\u00e5 jobb og fritid. Dette stiller stadig st\u00f8rre krav til v\u00e5r digitale bevissthet og sikkerhet. Cathrine skal dele noen av sine erfaringer og r\u00e5d om digital sikkerhet og beredskap.<\/p>\n<p><strong>Samtale med:\u00a0<\/strong><\/p>\n<ul>\n<li><em><a href=\"https:\/\/helsesikkerhetsdagen.no\/2025\/speaker\/bard-hoksrud\/\" target=\"_blank\" rel=\"noopener\">B\u00e5rd Hoksrud<\/a>, Stortingsrepresentant, Helse- og omsorgskomiteen, FrP<\/em><\/li>\n<li><em><a href=\"https:\/\/helsesikkerhetsdagen.no\/2025\/speaker\/cathrine-vange-singstad\/\">Cathrine V\u00e5nge Singstad<\/a>, Partner digital sikkerhet og personvern, Otte<\/em><\/li>\n<\/ul>\n<p><strong>Avsluttende debatt:<\/strong><\/p>\n<ul>\n<li><em><a href=\"https:\/\/helsesikkerhetsdagen.no\/2025\/speaker\/frode-johansen\/\">Frode Johansen<\/a>, Divisjonsdirekt\u00f8r, Tjenester for spesialisthelsetjenesten, Norsk Helsenett<\/em><\/li>\n<li><em><a href=\"https:\/\/helsesikkerhetsdagen.no\/2025\/speaker\/christopher-frenning\/\">Christopher Frenning<\/a>, Teknologidirekt\u00f8r, Microsoft Norge<\/em><\/li>\n<li><em><a href=\"https:\/\/helsesikkerhetsdagen.no\/2025\/speaker\/nils-halvor-gryting\/\">Nils Halvor Gryting<\/a>, Paramedic, ambulansearbeider og prosjektleder, kompetanseavdelingen i prehospitale tjenester ved Sykehuset Innlandet<\/em><\/li>\n<\/ul>\n<p><strong>Moderator:<\/strong> <a href=\"https:\/\/helsesikkerhetsdagen.no\/2025\/speaker\/nard-schreurs\/\">Nard Schreurs<\/a>, Daglig leder, EHiN<\/p>\n\t\t\t<a href=\"https:\/\/helsesikkerhetsdagen.no\/2025\/billetter\/\" target=\"_self\" role=\"button\">\n\t\t\t\t\t\t\tBestill billetter her\n\t\t\t\t\t<\/a>\n\n","protected":false},"excerpt":{"rendered":"<p>Program Velkommen til EHiNs Helsesikkerhetsdag I Stortingsmelding 9 om beredskap st\u00e5r det syv strategiske prioriteringer. \u00c9n av dem er: &laquo;Styrke digital motstandskraft og nasjonal kontroll over kritisk infrastruktur og strategisk viktige virksomheter, naturressurser, eiendom og verdier.&raquo; Hvordan kan vi styrke v\u00e5re digitale helsetjenester, slik at de i en uoversiktlig krisesituasjon fungerer p\u00e5 en sikker m\u00e5te?&hellip;<\/p>\n","protected":false},"author":2,"featured_media":0,"parent":0,"menu_order":0,"comment_status":"closed","ping_status":"closed","template":"","meta":{"_acf_changed":false,"footnotes":""},"class_list":["post-272","page","type-page","status-publish","hentry"],"acf":[],"_links":{"self":[{"href":"https:\/\/helsesikkerhetsdagen.no\/2025\/wp-json\/wp\/v2\/pages\/272","targetHints":{"allow":["GET"]}}],"collection":[{"href":"https:\/\/helsesikkerhetsdagen.no\/2025\/wp-json\/wp\/v2\/pages"}],"about":[{"href":"https:\/\/helsesikkerhetsdagen.no\/2025\/wp-json\/wp\/v2\/types\/page"}],"author":[{"embeddable":true,"href":"https:\/\/helsesikkerhetsdagen.no\/2025\/wp-json\/wp\/v2\/users\/2"}],"replies":[{"embeddable":true,"href":"https:\/\/helsesikkerhetsdagen.no\/2025\/wp-json\/wp\/v2\/comments?post=272"}],"version-history":[{"count":41,"href":"https:\/\/helsesikkerhetsdagen.no\/2025\/wp-json\/wp\/v2\/pages\/272\/revisions"}],"predecessor-version":[{"id":500,"href":"https:\/\/helsesikkerhetsdagen.no\/2025\/wp-json\/wp\/v2\/pages\/272\/revisions\/500"}],"wp:attachment":[{"href":"https:\/\/helsesikkerhetsdagen.no\/2025\/wp-json\/wp\/v2\/media?parent=272"}],"curies":[{"name":"wp","href":"https:\/\/api.w.org\/{rel}","templated":true}]}}