{"id":271,"date":"2023-03-07T10:20:43","date_gmt":"2023-03-07T09:20:43","guid":{"rendered":"https:\/\/helsesikkerhetsdagen.no\/2023\/?page_id=269"},"modified":"2025-03-26T09:40:01","modified_gmt":"2025-03-26T08:40:01","slug":"billetter","status":"publish","type":"page","link":"https:\/\/helsesikkerhetsdagen.no\/2025\/billetter\/","title":{"rendered":"Billetter"},"content":{"rendered":"\n<h1>\n\t\tBilletter\n\t<\/h1>\n\t\t\t<a href=\"#problemer\" target=\"_self\" role=\"button\">\n\t\t\t\t\t\t\tProblemer?\n\t\t\t\t\t<\/a>\n\t\t\t<a href=\"#middag\" target=\"_self\" role=\"button\">\n\t\t\t\t\t\t\tMiddag\n\t\t\t\t\t<\/a>\n\t\t\t<a href=\"#refusjon\" target=\"_self\" role=\"button\">\n\t\t\t\t\t\t\tRefusjon\n\t\t\t\t\t<\/a>\n\t<p>Her kan du bestille billetter til Helsesikkerhetsdagen den 2. april 2025. Dagskonferansen avholdes p\u00e5 Legenes hus, Christiania Torv 5, 0158 Oslo.<\/p>\n<h2>\n\t\tProblemer?\n\t<\/h2>\n\t<p>Kan du ikke se skjemaet? Pr\u00f8v \u00e5 \u00e5pne det her: <a href=\"https:\/\/event.checkin.no\/104536\/helsesikkerhetsdagen-2025\" target=\"_blank\" rel=\"noopener\">https:\/\/event.checkin.no\/104536\/helsesikkerhetsdagen-2025<\/a><\/p>\n<p>Funker det fortsatt ikke kan du pr\u00f8ve \u00e5:<\/p>\n<ul>\n<li>Bruke en annen nettleser.<\/li>\n<li>Pr\u00f8ve via privat telefon eller data.<\/li>\n<li>Koble til et annet nettverk. Det kan hende ditt nettverk har stengt tilgang til billettjenester.<\/li>\n<li>Godta funksjonelle cookies ved \u00e5 trykke \u00e5 p\u00e5 knappen nederst i h\u00f8yre hj\u00f8rne &laquo;cookie settings&raquo;.<\/li>\n<\/ul>\n<p>F\u00e5r du fortsatt problemer eller lurer p\u00e5 noe annet, kontakt\u00a0<a href=\"mailto:helsesikkerhetsdagen@ehin.no\">helsesikkerhetsdagen@ehin.no<\/a>.<\/p>\n<h2>\n\t\tKonferansemiddag\n\t<\/h2>\n\t<p>Etter konferansen avholder vi en konferansemiddag. Deltakelse p\u00e5 middagen krever egen billett, som kan kj\u00f8pes sammen med konferansebilletten som et tilleggsvalg etter at deltakerinformasjon er lagt inn. Billetten kan ogs\u00e5 kj\u00f8pes separat, men merk at det da tillegges et ekstra billettgebyr p\u00e5 NOK 100. Ved sp\u00f8rsm\u00e5l ta kontakt med <a href=\"mailto:helsesikkerhetsdagen@ehin.no\">helsesikkerhetsdagen@ehin.no<\/a>.<\/p>\n<p>Det blir aperitiff med shuffleboard p\u00e5 <a href=\"https:\/\/www.kullt.no\/\" target=\"_blank\" rel=\"noopener\">Kullt<\/a> ved R\u00e5dhusplassen like etter konferansen f\u00f8r veien g\u00e5r videre til <a href=\"https:\/\/oliviarestauranter.no\/restauranter\/tjuvholmen\/\" target=\"_blank\" rel=\"noopener\">Olivia, Tjuvholmen<\/a> for konferansemiddagen.<\/p>\n<h2>\n\t\tRefusjon\n\t<\/h2>\n\t<p>Vi refunderer billetter inntil 30 dager etter kj\u00f8p, men ikke mer enn 30 dager f\u00f8r konferansen. Ta kontakt med <a href=\"mailto:helsesikkerhetsdagen@ehin.no\">helsesikkerhetsdagen@ehin.no<\/a>\u00a0om du har sp\u00f8rsm\u00e5l om eller \u00f8nsker \u00e5 be om refusjon.<\/p>\n\n","protected":false},"excerpt":{"rendered":"<p>Billetter Problemer? Middag Refusjon Her kan du bestille billetter til Helsesikkerhetsdagen den 2. april 2025. Dagskonferansen avholdes p\u00e5 Legenes hus, Christiania Torv 5, 0158 Oslo. Problemer? Kan du ikke se skjemaet? Pr\u00f8v \u00e5 \u00e5pne det her: https:\/\/event.checkin.no\/104536\/helsesikkerhetsdagen-2025 Funker det fortsatt ikke kan du pr\u00f8ve \u00e5: Bruke en annen nettleser. Pr\u00f8ve via privat telefon eller data.&hellip;<\/p>\n","protected":false},"author":2,"featured_media":0,"parent":0,"menu_order":0,"comment_status":"closed","ping_status":"closed","template":"","meta":{"_acf_changed":false,"footnotes":""},"class_list":["post-271","page","type-page","status-publish","hentry"],"acf":[],"_links":{"self":[{"href":"https:\/\/helsesikkerhetsdagen.no\/2025\/wp-json\/wp\/v2\/pages\/271","targetHints":{"allow":["GET"]}}],"collection":[{"href":"https:\/\/helsesikkerhetsdagen.no\/2025\/wp-json\/wp\/v2\/pages"}],"about":[{"href":"https:\/\/helsesikkerhetsdagen.no\/2025\/wp-json\/wp\/v2\/types\/page"}],"author":[{"embeddable":true,"href":"https:\/\/helsesikkerhetsdagen.no\/2025\/wp-json\/wp\/v2\/users\/2"}],"replies":[{"embeddable":true,"href":"https:\/\/helsesikkerhetsdagen.no\/2025\/wp-json\/wp\/v2\/comments?post=271"}],"version-history":[{"count":8,"href":"https:\/\/helsesikkerhetsdagen.no\/2025\/wp-json\/wp\/v2\/pages\/271\/revisions"}],"predecessor-version":[{"id":488,"href":"https:\/\/helsesikkerhetsdagen.no\/2025\/wp-json\/wp\/v2\/pages\/271\/revisions\/488"}],"wp:attachment":[{"href":"https:\/\/helsesikkerhetsdagen.no\/2025\/wp-json\/wp\/v2\/media?parent=271"}],"curies":[{"name":"wp","href":"https:\/\/api.w.org\/{rel}","templated":true}]}}