{"id":270,"date":"2023-03-06T18:33:30","date_gmt":"2023-03-06T17:33:30","guid":{"rendered":"https:\/\/helsesikkerhetsdagen.no\/2023\/?page_id=260"},"modified":"2025-03-03T11:36:28","modified_gmt":"2025-03-03T10:36:28","slug":"hjem","status":"publish","type":"page","link":"https:\/\/helsesikkerhetsdagen.no\/2025\/","title":{"rendered":"Hjem"},"content":{"rendered":"\n\n\t<h3>\n\t\t\t\tSikring av data og systemer som skaper tillit\n\t\t\t<\/h3>\n\t\t\t<p>Tid: 2. april 2025\u00a0 \u00a0 |\u00a0 \u00a0 Sted: Legenes hus, Christiania Torv 5, 0158 Oslo<\/p>\t\n\t\t\t<a href=\"https:\/\/helsesikkerhetsdagen.no\/2025\/program\/\" target=\"_self\" role=\"button\">\n\t\t\t\t\t\tProgram\n\t\t\t\t\t<\/a>\n\t\t\t<a href=\"https:\/\/helsesikkerhetsdagen.no\/2025\/billetter\/\" target=\"_self\" role=\"button\">\n\t\t\t\t\t\tKj\u00f8p billetter her\n\t\t\t\t\t<\/a>\n\t\t\t<a href=\"https:\/\/helsesikkerhetsdagen.no\/2025\/speakere\/\" target=\"_self\" role=\"button\">\n\t\t\t\t\t\tSpeakere\n\t\t\t\t\t<\/a>\n<h3>\n\t\tHelsesikkerhetsdagen presenterer et bredt spekter av l\u00f8sninger for fremtiden i samarbeid med offentlige og private akt\u00f8rer, plassert i EHiNs rammer for balansert innhold.\n\t<\/h3>\n\t\t\t\t<img loading=\"lazy\" decoding=\"async\" src=\"https:\/\/helsesikkerhetsdagen.no\/2025\/wp-content\/uploads\/sites\/4\/2025\/03\/HSD-Speaker-banner.png\" alt=\"HSD Speaker banner\" itemprop=\"image\" height=\"275\" width=\"1920\" title=\"HSD Speaker banner\" onerror=\"this.style.display='none'\"  \/>\n<h3>\n\t\tForsvaret | Politikere | N\u00e6ring | Helseforetak | Hands-on | Myndigheter\n\t<\/h3>\n<h1>\n\t\tM\u00f8t \u00e5rets speakere:\n\t<\/h1>\n\t\t\t<a href=\"https:\/\/helsesikkerhetsdagen.no\/2025\/speakere\/\" target=\"_self\" role=\"button\">\n\t\t\t\t\t\t\tSe alle speakere\n\t\t\t\t\t<\/a>\n\t\t<a href=\"https:\/\/helsesikkerhetsdagen.no\/2025\/speaker\/vegar-hermansson\/\" title=\"View Box Content\" target=\"_self\"  aria-label=\"Post Element\"><\/a>\t\t\n\t\t\t\t\t\t\t\t\t\t\t\t\t\t<a href=\"https:\/\/helsesikkerhetsdagen.no\/2025\/speaker\/vegar-hermansson\/\" target=\"_self\" title=\"Vegar Hermansson\">\n\t\t\t\t<img decoding=\"async\" src=\"https:\/\/helsesikkerhetsdagen.no\/2025\/wp-content\/uploads\/sites\/4\/2025\/01\/Vegar-Hermansson.jpg\" alt=\"\" \/>\n\t\t\t\t<\/a>\n\t\t\t\t\t\t<h3>\n\t\t\t\t<a href=https:\/\/helsesikkerhetsdagen.no\/2025\/speaker\/vegar-hermansson\/ title=\"Vegar Hermansson\" tabindex=\"0\">Vegar Hermansson<\/a>\t\t\t<\/h3>\n\t\t<a href=\"https:\/\/helsesikkerhetsdagen.no\/2025\/speaker\/marius-leiros-by-2\/\" title=\"View Box Content\" target=\"_self\"  aria-label=\"Post Element\"><\/a>\t\t\n\t\t\t\t\t\t\t\t\t\t\t\t\t\t<a href=\"https:\/\/helsesikkerhetsdagen.no\/2025\/speaker\/marius-leiros-by-2\/\" target=\"_self\" title=\"Marius Leiros By\">\n\t\t\t\t<img decoding=\"async\" src=\"https:\/\/helsesikkerhetsdagen.no\/2025\/wp-content\/uploads\/sites\/4\/2025\/02\/Marius-Leiros-By-redigert.png\" alt=\"\" \/>\n\t\t\t\t<\/a>\n\t\t\t\t\t\t<h3>\n\t\t\t\t<a href=https:\/\/helsesikkerhetsdagen.no\/2025\/speaker\/marius-leiros-by-2\/ title=\"Marius Leiros By\" tabindex=\"0\">Marius Leiros By<\/a>\t\t\t<\/h3>\n\t\t<a href=\"https:\/\/helsesikkerhetsdagen.no\/2025\/speaker\/nard-schreurs\/\" title=\"View Box Content\" target=\"_self\"  aria-label=\"Post Element\"><\/a>\t\t\n\t\t\t\t\t\t\t\t\t\t\t\t\t\t<a href=\"https:\/\/helsesikkerhetsdagen.no\/2025\/speaker\/nard-schreurs\/\" target=\"_self\" title=\"Nard Schreurs\">\n\t\t\t\t<img decoding=\"async\" src=\"https:\/\/helsesikkerhetsdagen.no\/2025\/wp-content\/uploads\/sites\/4\/2025\/02\/Nard-Schreurs.jpg\" alt=\"\" \/>\n\t\t\t\t<\/a>\n\t\t\t\t\t\t<h3>\n\t\t\t\t<a href=https:\/\/helsesikkerhetsdagen.no\/2025\/speaker\/nard-schreurs\/ title=\"Nard Schreurs\" tabindex=\"0\">Nard Schreurs<\/a>\t\t\t<\/h3>\n\t\t<a href=\"https:\/\/helsesikkerhetsdagen.no\/2025\/speaker\/bjorn-astad\/\" title=\"View Box Content\" target=\"_self\"  aria-label=\"Post Element\"><\/a>\t\t\n\t\t\t\t\t\t\t\t\t\t\t\t\t\t<a href=\"https:\/\/helsesikkerhetsdagen.no\/2025\/speaker\/bjorn-astad\/\" target=\"_self\" title=\"Bj\u00f8rn Astad\">\n\t\t\t\t<img decoding=\"async\" src=\"https:\/\/helsesikkerhetsdagen.no\/2025\/wp-content\/uploads\/sites\/4\/2025\/02\/Bjorn-Astad.jpg\" alt=\"\" \/>\n\t\t\t\t<\/a>\n\t\t\t\t\t\t<h3>\n\t\t\t\t<a href=https:\/\/helsesikkerhetsdagen.no\/2025\/speaker\/bjorn-astad\/ title=\"Bj\u00f8rn Astad\" tabindex=\"0\">Bj\u00f8rn Astad<\/a>\t\t\t<\/h3>\n\t\t<a href=\"https:\/\/helsesikkerhetsdagen.no\/2025\/speaker\/frode-johansen\/\" title=\"View Box Content\" target=\"_self\"  aria-label=\"Post Element\"><\/a>\t\t\n\t\t\t\t\t\t\t\t\t\t\t\t\t\t<a href=\"https:\/\/helsesikkerhetsdagen.no\/2025\/speaker\/frode-johansen\/\" target=\"_self\" title=\"Frode Johansen\">\n\t\t\t\t<img decoding=\"async\" src=\"https:\/\/helsesikkerhetsdagen.no\/2025\/wp-content\/uploads\/sites\/4\/2025\/01\/Frode-Johansen.jpeg\" alt=\"\" \/>\n\t\t\t\t<\/a>\n\t\t\t\t\t\t<h3>\n\t\t\t\t<a href=https:\/\/helsesikkerhetsdagen.no\/2025\/speaker\/frode-johansen\/ title=\"Frode Johansen\" tabindex=\"0\">Frode Johansen<\/a>\t\t\t<\/h3>\n\t\t<a href=\"https:\/\/helsesikkerhetsdagen.no\/2025\/speaker\/nils-halvor-gryting\/\" title=\"View Box Content\" target=\"_self\"  aria-label=\"Post Element\"><\/a>\t\t\n\t\t\t\t\t\t\t\t\t\t\t\t\t\t<a href=\"https:\/\/helsesikkerhetsdagen.no\/2025\/speaker\/nils-halvor-gryting\/\" target=\"_self\" title=\"Nils Halvor Gryting\">\n\t\t\t\t<img decoding=\"async\" src=\"https:\/\/helsesikkerhetsdagen.no\/2025\/wp-content\/uploads\/sites\/4\/2025\/01\/Nils-Halvor-Gryting.jpg\" alt=\"\" \/>\n\t\t\t\t<\/a>\n\t\t\t\t\t\t<h3>\n\t\t\t\t<a href=https:\/\/helsesikkerhetsdagen.no\/2025\/speaker\/nils-halvor-gryting\/ title=\"Nils Halvor Gryting\" tabindex=\"0\">Nils Halvor Gryting<\/a>\t\t\t<\/h3>\n\t\t<a href=\"https:\/\/helsesikkerhetsdagen.no\/2025\/speaker\/cathrine-vange-singstad\/\" title=\"View Box Content\" target=\"_self\"  aria-label=\"Post Element\"><\/a>\t\t\n\t\t\t\t\t\t\t\t\t\t\t\t\t\t<a href=\"https:\/\/helsesikkerhetsdagen.no\/2025\/speaker\/cathrine-vange-singstad\/\" target=\"_self\" title=\"Cathrine V\u00e5nge Singstad\">\n\t\t\t\t<img decoding=\"async\" src=\"https:\/\/helsesikkerhetsdagen.no\/2025\/wp-content\/uploads\/sites\/4\/2025\/02\/Cathrine-Otte.jpg\" alt=\"\" \/>\n\t\t\t\t<\/a>\n\t\t\t\t\t\t<h3>\n\t\t\t\t<a href=https:\/\/helsesikkerhetsdagen.no\/2025\/speaker\/cathrine-vange-singstad\/ title=\"Cathrine V\u00e5nge Singstad\" tabindex=\"0\">Cathrine V\u00e5nge Singstad<\/a>\t\t\t<\/h3>\n\t\t<a href=\"https:\/\/helsesikkerhetsdagen.no\/2025\/speaker\/peder-andreas-stokke\/\" title=\"View Box Content\" target=\"_self\"  aria-label=\"Post Element\"><\/a>\t\t\n\t\t\t\t\t\t\t\t\t\t\t\t\t\t<a href=\"https:\/\/helsesikkerhetsdagen.no\/2025\/speaker\/peder-andreas-stokke\/\" target=\"_self\" title=\"Peder Andreas Stokke\">\n\t\t\t\t<img decoding=\"async\" src=\"https:\/\/helsesikkerhetsdagen.no\/2025\/wp-content\/uploads\/sites\/4\/2025\/01\/Peder-Andreas-Stokke.jpg\" alt=\"\" \/>\n\t\t\t\t<\/a>\n\t\t\t\t\t\t<h3>\n\t\t\t\t<a href=https:\/\/helsesikkerhetsdagen.no\/2025\/speaker\/peder-andreas-stokke\/ title=\"Peder Andreas Stokke\" tabindex=\"0\">Peder Andreas Stokke<\/a>\t\t\t<\/h3>\n<h2>\n\t\tHelsedata og kommunikasjon i krisetid\n\t<\/h2>\n\t<p>I en verden som stadig blir mer digital og samtidig opplever \u00f8kende sikkerhetstrusler m\u00e5 vi tenke oss ekstra gjennom hvordan vi h\u00e5ndterer krisesituasjoner.<\/p>\n<p>Helse- og omsorgstjenestene er beredskapsorganisasjoner, skriver Legeforeningen p\u00e5 sin hjemmeside. Grunnberedskapen m\u00e5 derfor v\u00e6re robust nok til \u00e5 h\u00e5ndtere ulike typer kriser.<\/p>\n<blockquote><p>Det er dagens kompetanse og kapasitet som avgj\u00f8r hvordan vi h\u00e5ndterer morgensdagens beredskapshendelser. Jeg h\u00e5per regjeringen gj\u00f8r alvor av at det skal v\u00e6re mer \u00f8velse. Og da mener jeg ikke bare skrivebords\u00f8velser, men \u00f8velser helt ned og ut i organisasjonene, som faktisk skal omstille seg hvis det blir krise eller krig, sier Anner-Karin Rime, som er leder for Legeforeningen.<\/p><\/blockquote>\n<p>P\u00e5 Helsesikkerhetsdagen setter EHiN s\u00f8kelys p\u00e5 hvordan digital kommunikasjon og samhandling kan styrkes i en krisesituasjon. Dette gjelder b\u00e5de n\u00e5r man m\u00e5 h\u00e5ndtere uoversiktlige situasjoner i feltet, sikring av n\u00f8dvendig kommunikasjon, overf\u00f8ring av helsedata og videokontakt, og hvordan man holder kontroll p\u00e5 lagrede helsedata n\u00e5r uvedkommende fors\u00f8ker \u00e5 endre dem eller gj\u00f8re de utilgjengelige.<\/p>\n<p>For denne dagen har EHiN invitert en rekke akt\u00f8rer &#8211; blant dem er Legeforeningen, Norsk Helsenett, Sykehus Innlandets PreVIS-prosjekt, Forsvarets seksjon for milit\u00e6rt-sivilt samarbeid, Normen for informasjonssikkerhet og personvern i helse- og omsorgssektoren, Helsedepartementets avdeling for beredskap, Helsetjenestens driftsorganisasjon for n\u00f8dnett HF, KS, Helse S\u00f8r-\u00d8st, Microsoft, og andre.<\/p>\n\t\t\t\t<img loading=\"lazy\" decoding=\"async\" src=\"https:\/\/helsesikkerhetsdagen.no\/2023\/wp-content\/uploads\/sites\/2\/2023\/03\/iot-technology-2.jpg\" alt=\"iot-technology 2\" itemprop=\"image\" height=\"1440\" width=\"960\" title=\"iot-technology 2\" onerror=\"this.style.display='none'\"  \/>\n<h1>\n\t\t\u00c5rets partnere\n\t<\/h1>\n\t\t\t<a href=\"https:\/\/helsesikkerhetsdagen.no\/2023\/bli-partner\/\" target=\"_self\" role=\"button\">\n\t\t\t\t\t\t\tVil du bli partner?\n\t\t\t\t\t<\/a>\n\t\t<a href=\"https:\/\/helsesikkerhetsdagen.no\/2025\/sponsor\/microsoft\/\" title=\"View Box Content\" target=\"_self\"  aria-label=\"Post Element\"><\/a>\t\t\n\t<meta itemscope itemprop=\"mainEntityOfPage\" itemtype=\"https:\/\/schema.org\/WebPage\" itemid=\"https:\/\/helsesikkerhetsdagen.no\/2025\/sponsor\/microsoft\/\" content=\"Microsoft\" \/><meta itemprop=\"datePublished\" content=\"2025-02-25\" \/><meta itemprop=\"dateModified\" content=\"2025-02-25\" \/><meta itemprop=\"name\" content=\"Helsesikkerhetsdagen 2025\"\/><meta itemprop=\"url\" content=\"https:\/\/helsesikkerhetsdagen.no\/2025\/author\/christian\/\" \/><meta itemprop=\"name\" content=\"Christian Andersen\" \/><meta itemprop=\"url\" content=\"https:\/\/helsesikkerhetsdagen.no\/2025\/wp-content\/uploads\/sites\/4\/2025\/02\/Microsoft-1.jpg\" \/><meta itemprop=\"width\" content=\"1920\" \/><meta itemprop=\"height\" content=\"1080\" \/><meta itemprop=\"interactionType\" content=\"https:\/\/schema.org\/CommentAction\" \/><meta itemprop=\"userInteractionCount\" content=\"0\" \/>\n    \t\t\t\t\t\t<a href='https:\/\/helsesikkerhetsdagen.no\/2025\/sponsor\/microsoft\/' title='Microsoft'><img width=\"1024\" height=\"576\" src=\"https:\/\/helsesikkerhetsdagen.no\/2025\/wp-content\/uploads\/sites\/4\/2025\/02\/Microsoft-1-1024x576.jpg\" alt=\"\" itemprop=\"image\" decoding=\"async\" loading=\"lazy\" srcset=\"https:\/\/helsesikkerhetsdagen.no\/2025\/wp-content\/uploads\/sites\/4\/2025\/02\/Microsoft-1-1024x576.jpg 1024w, https:\/\/helsesikkerhetsdagen.no\/2025\/wp-content\/uploads\/sites\/4\/2025\/02\/Microsoft-1-300x169.jpg 300w, https:\/\/helsesikkerhetsdagen.no\/2025\/wp-content\/uploads\/sites\/4\/2025\/02\/Microsoft-1-768x432.jpg 768w, https:\/\/helsesikkerhetsdagen.no\/2025\/wp-content\/uploads\/sites\/4\/2025\/02\/Microsoft-1-1536x864.jpg 1536w, https:\/\/helsesikkerhetsdagen.no\/2025\/wp-content\/uploads\/sites\/4\/2025\/02\/Microsoft-1.jpg 1920w\" sizes=\"auto, (max-width: 1024px) 100vw, 1024px\" \/><\/a>\n\t\t<a href=\"https:\/\/helsesikkerhetsdagen.no\/2025\/sponsor\/palo-alto\/\" title=\"View Box Content\" target=\"_self\"  aria-label=\"Post Element\"><\/a>\t\t\n\t<meta itemscope itemprop=\"mainEntityOfPage\" itemtype=\"https:\/\/schema.org\/WebPage\" itemid=\"https:\/\/helsesikkerhetsdagen.no\/2025\/sponsor\/palo-alto\/\" content=\"Palo Alto\" \/><meta itemprop=\"datePublished\" content=\"2025-02-25\" \/><meta itemprop=\"dateModified\" content=\"2025-02-25\" \/><meta itemprop=\"name\" content=\"Helsesikkerhetsdagen 2025\"\/><meta itemprop=\"url\" content=\"https:\/\/helsesikkerhetsdagen.no\/2025\/author\/christian\/\" \/><meta itemprop=\"name\" content=\"Christian Andersen\" \/><meta itemprop=\"url\" content=\"https:\/\/helsesikkerhetsdagen.no\/2025\/wp-content\/uploads\/sites\/4\/2025\/02\/Palo-Alto.png\" \/><meta itemprop=\"width\" content=\"1920\" \/><meta itemprop=\"height\" content=\"1080\" \/><meta itemprop=\"interactionType\" content=\"https:\/\/schema.org\/CommentAction\" \/><meta itemprop=\"userInteractionCount\" content=\"0\" \/>\n    \t\t\t\t\t\t<a href='https:\/\/helsesikkerhetsdagen.no\/2025\/sponsor\/palo-alto\/' title='Palo Alto'><img width=\"1024\" height=\"576\" src=\"https:\/\/helsesikkerhetsdagen.no\/2025\/wp-content\/uploads\/sites\/4\/2025\/02\/Palo-Alto-1024x576.png\" alt=\"\" itemprop=\"image\" decoding=\"async\" loading=\"lazy\" srcset=\"https:\/\/helsesikkerhetsdagen.no\/2025\/wp-content\/uploads\/sites\/4\/2025\/02\/Palo-Alto-1024x576.png 1024w, https:\/\/helsesikkerhetsdagen.no\/2025\/wp-content\/uploads\/sites\/4\/2025\/02\/Palo-Alto-300x169.png 300w, https:\/\/helsesikkerhetsdagen.no\/2025\/wp-content\/uploads\/sites\/4\/2025\/02\/Palo-Alto-768x432.png 768w, https:\/\/helsesikkerhetsdagen.no\/2025\/wp-content\/uploads\/sites\/4\/2025\/02\/Palo-Alto-1536x864.png 1536w, https:\/\/helsesikkerhetsdagen.no\/2025\/wp-content\/uploads\/sites\/4\/2025\/02\/Palo-Alto.png 1920w\" sizes=\"auto, (max-width: 1024px) 100vw, 1024px\" \/><\/a>\n\n","protected":false},"excerpt":{"rendered":"<p>Sikring av data og systemer som skaper tillit Tid: 2. april 2025\u00a0 \u00a0 |\u00a0 \u00a0 Sted: Legenes hus, Christiania Torv 5, 0158 Oslo Program Kj\u00f8p billetter her Speakere Helsesikkerhetsdagen presenterer et bredt spekter av l\u00f8sninger for fremtiden i samarbeid med offentlige og private akt\u00f8rer, plassert i EHiNs rammer for balansert innhold. Forsvaret | Politikere |&hellip;<\/p>\n","protected":false},"author":1,"featured_media":0,"parent":0,"menu_order":0,"comment_status":"closed","ping_status":"closed","template":"","meta":{"_acf_changed":false,"footnotes":""},"class_list":["post-270","page","type-page","status-publish","hentry"],"acf":[],"_links":{"self":[{"href":"https:\/\/helsesikkerhetsdagen.no\/2025\/wp-json\/wp\/v2\/pages\/270","targetHints":{"allow":["GET"]}}],"collection":[{"href":"https:\/\/helsesikkerhetsdagen.no\/2025\/wp-json\/wp\/v2\/pages"}],"about":[{"href":"https:\/\/helsesikkerhetsdagen.no\/2025\/wp-json\/wp\/v2\/types\/page"}],"author":[{"embeddable":true,"href":"https:\/\/helsesikkerhetsdagen.no\/2025\/wp-json\/wp\/v2\/users\/1"}],"replies":[{"embeddable":true,"href":"https:\/\/helsesikkerhetsdagen.no\/2025\/wp-json\/wp\/v2\/comments?post=270"}],"version-history":[{"count":14,"href":"https:\/\/helsesikkerhetsdagen.no\/2025\/wp-json\/wp\/v2\/pages\/270\/revisions"}],"predecessor-version":[{"id":446,"href":"https:\/\/helsesikkerhetsdagen.no\/2025\/wp-json\/wp\/v2\/pages\/270\/revisions\/446"}],"wp:attachment":[{"href":"https:\/\/helsesikkerhetsdagen.no\/2025\/wp-json\/wp\/v2\/media?parent=270"}],"curies":[{"name":"wp","href":"https:\/\/api.w.org\/{rel}","templated":true}]}}