{"id":274,"date":"2023-03-07T10:21:22","date_gmt":"2023-03-07T09:21:22","guid":{"rendered":"https:\/\/helsesikkerhetsdagen.no\/2023\/?page_id=274"},"modified":"2023-03-13T15:45:46","modified_gmt":"2023-03-13T14:45:46","slug":"om-helsesikkerhetsdagen","status":"publish","type":"page","link":"https:\/\/helsesikkerhetsdagen.no\/2023\/om-helsesikkerhetsdagen\/","title":{"rendered":"Om Helsesikkerhetsdagen"},"content":{"rendered":"\n<h1>\n\t\tOm Helsesikkerhetsdagen\n\t<\/h1>\n\t<p><strong>Helsesikkerhet er aktuelt som aldri f\u00f8r<\/strong><\/p>\n<p>V\u00e5re helsedata er viktige for oss &#8211; de skal h\u00e5ndteres med omhu og ligge i trygge systemer. Vi ser en helsesektor som i stadig st\u00f8rre grad tar i bruk ulike systemer, nye innovasjoner, mer fleksible pasientjournaler, mer medisinsk-teknisk og mer hjemmeoppf\u00f8lging. Det skaper en helsesektor som er avhengig av \u00e5 ha tilgang til systemene for \u00e5 kunne yte tjenester, samtidig som vi ser et trusselbilde i utvikling.<\/p>\n<p>Et st\u00f8rre nettverk av ulike l\u00f8sninger og dingser, samt mer mobilitet og kobling av ulike tjenester til hverandre gj\u00f8r at systemene blir mer s\u00e5rbare, og \u00e5pner for flere angrepsflater. Samtidig ser vi en utfordrende internasjonal situasjon der krig og konflikter i \u00f8kende grad kjempes med digitale midler. Med det blir v\u00e5re helsedata utsatt for reelt st\u00f8rre trusler. Sikkerhet i helse anses alt for ofte som et teknisk problem. Men det handler om de mest sentrale verdiene i de nordiske landene &#8211; likeverd, tillit, tilgjengelighet, trygghet og respekt for alle innbyggere. Setter vi dem p\u00e5 spill, ja, da setter vi selve fundamentet i v\u00e5rt samfunn p\u00e5 spill.<\/p>\n<p>Helsesikkerhetsdagen handler om de strategiske valgene vi m\u00e5 ta &#8211; som Norge, som helsesektor, som innbyggere. Hvordan skal vi bruke helsedataene v\u00e5re og hvordan skal vi beskytte dem? Her handler det om innsikt i teknologi, innsikt i data, og innsikt i b\u00e5de det juridiske og det etiske.<\/p>\n\n","protected":false},"excerpt":{"rendered":"<p>Om Helsesikkerhetsdagen Helsesikkerhet er aktuelt som aldri f\u00f8r V\u00e5re helsedata er viktige for oss &#8211; de skal h\u00e5ndteres med omhu og ligge i trygge systemer. Vi ser en helsesektor som i stadig st\u00f8rre grad tar i bruk ulike systemer, nye innovasjoner, mer fleksible pasientjournaler, mer medisinsk-teknisk og mer hjemmeoppf\u00f8lging. Det skaper en helsesektor som er&hellip;<\/p>\n","protected":false},"author":2,"featured_media":0,"parent":0,"menu_order":0,"comment_status":"closed","ping_status":"closed","template":"","meta":{"_acf_changed":false,"footnotes":""},"class_list":["post-274","page","type-page","status-publish","hentry"],"acf":[],"_links":{"self":[{"href":"https:\/\/helsesikkerhetsdagen.no\/2023\/wp-json\/wp\/v2\/pages\/274","targetHints":{"allow":["GET"]}}],"collection":[{"href":"https:\/\/helsesikkerhetsdagen.no\/2023\/wp-json\/wp\/v2\/pages"}],"about":[{"href":"https:\/\/helsesikkerhetsdagen.no\/2023\/wp-json\/wp\/v2\/types\/page"}],"author":[{"embeddable":true,"href":"https:\/\/helsesikkerhetsdagen.no\/2023\/wp-json\/wp\/v2\/users\/2"}],"replies":[{"embeddable":true,"href":"https:\/\/helsesikkerhetsdagen.no\/2023\/wp-json\/wp\/v2\/comments?post=274"}],"version-history":[{"count":3,"href":"https:\/\/helsesikkerhetsdagen.no\/2023\/wp-json\/wp\/v2\/pages\/274\/revisions"}],"predecessor-version":[{"id":335,"href":"https:\/\/helsesikkerhetsdagen.no\/2023\/wp-json\/wp\/v2\/pages\/274\/revisions\/335"}],"wp:attachment":[{"href":"https:\/\/helsesikkerhetsdagen.no\/2023\/wp-json\/wp\/v2\/media?parent=274"}],"curies":[{"name":"wp","href":"https:\/\/api.w.org\/{rel}","templated":true}]}}